{"id":12069,"date":"2024-06-22T15:57:02","date_gmt":"2024-06-22T13:57:02","guid":{"rendered":"https:\/\/bintiparis.com\/?post_type=product&#038;p=12069"},"modified":"2024-06-22T17:27:01","modified_gmt":"2024-06-22T15:27:01","slug":"mon-simone","status":"publish","type":"product","link":"https:\/\/bintiparis.com\/index.php\/product\/mon-simone\/","title":{"rendered":"Mon SIMONE"},"content":{"rendered":"<p>Avec sa forme architecturale, le Simone s&rsquo;inspire des constructions moucharabieh et associe au cuir un travail de bijouterie de sac soign\u00e9 avec sa fibule signature modifiable grav\u00e9e BINTI et incrustations de soie v\u00e9ritable.<\/p>\n<p>&nbsp;<\/p>\n<p><em><strong>D\u00e9tails :<\/strong><\/em><\/p>\n<ul>\n<li>Corps du sac coup\u00e9 dans un seul panneau de cuir n\u00e9cessitant une peau \u00e0 la qualit\u00e9 irr\u00e9prochable.<\/li>\n<li>Cuir bovin grain\u00e9 ou lisse<\/li>\n<li>Fermeture rabat pression aimant\u00e9e facilitant la fermeture<\/li>\n<li>Livr\u00e9 avec 1 bandouli\u00e8re ajustable pour varier les longueurs de port\u00e9 \u00e0 l\u2019\u00e9paule ou en bandouli\u00e8re.<\/li>\n<li>Pour le jour et le soir<\/li>\n<\/ul>\n<p><em><strong>Dimensions et port\u00e9s<\/strong><\/em><\/p>\n<ul>\n<li>Dimensions : 23 x 17 x 10 cm.<\/li>\n<li>Livr\u00e9 avec une bandouli\u00e8re ajustable gr\u00e2ce \u00e0 sa fibule pour un port\u00e9 en bandouli\u00e8re ou \u00e0 l\u2019\u00e9paule.<\/li>\n<li>Poche int\u00e9rieure.<\/li>\n<\/ul>\n<p><em><strong>Mat\u00e9riaux<\/strong><\/em><\/p>\n<ul>\n<li>Cuir bovin grain\u00e9 ou lisse<\/li>\n<li>Doublure 100% cuir.<\/li>\n<li>Fibule m\u00e9tallique \u00d837,70 mm avec cha\u00eene 163,5mm disponible en 3 coloris Or Rose \/Dor\u00e9 \/ Nickel<\/li>\n<li>Les cuirs s\u00e9lectionn\u00e9s par BINTI n\u00e9cessitent peu d\u2019entretien.<\/li>\n<li>Quelques gestes permettent d\u2019en pr\u00e9server l\u2019apparence originelle.<\/li>\n<li>Eviter l\u2019exposition prolong\u00e9e \u00e0 la lumi\u00e8re directe, la chaleur et tout contact avec l\u2019eau, les corps gras, les parfums et cosm\u00e9tiques.<\/li>\n<li>Attention aux v\u00eatements fonc\u00e9s et neufs dont la teinture pourrait d\u00e9gorger.<\/li>\n<li>Si le cuir vient \u00e0 \u00eatre mouill\u00e9, absorber l\u2019exc\u00e8s \u00e0 l&rsquo;aide d\u2019un chiffon doux.<\/li>\n<li>Laisser s\u00e9cher \u00e0 temp\u00e9rature ambiante. Il n\u2019est pas n\u00e9cessaire d\u2019appliquer une cr\u00e8me d\u2019entretien.<\/li>\n<li>Ne pas surcharger le sac, le conserver dans son pochon<\/li>\n<li>Afin de prolonger le port\u00e9 de ses mod\u00e8les, BINTI propose un service de r\u00e9paration<\/li>\n<\/ul>\n","protected":false},"excerpt":{"rendered":"<p>Avec sa forme architecturale, le Simone s&rsquo;inspire des constructions moucharabieh et associe au cuir un travail de bijouterie de sac soign\u00e9 avec sa fibule signature modifiable grav\u00e9e BINTI et incrustations de soie v\u00e9ritable.<\/p>\n<ol>\n<li>Choisissez la couleur du sac<\/li>\n<li>Choisissez la couleur de la Fibule<\/li>\n<\/ol>\n","protected":false},"featured_media":11487,"template":"","meta":[],"product_cat":[15],"product_tag":[],"class_list":{"0":"post-12069","1":"product","2":"type-product","3":"status-publish","4":"has-post-thumbnail","6":"product_cat-uncategorized","8":"first","9":"instock","10":"taxable","11":"shipping-taxable","12":"purchasable","13":"product-type-variable"},"yoast_head":"<!-- This site is optimized with the Yoast SEO plugin v27.4 - https:\/\/yoast.com\/product\/yoast-seo-wordpress\/ -->\n<title>Mon SIMONE - BINTI<\/title>\n<meta name=\"robots\" content=\"index, follow, max-snippet:-1, max-image-preview:large, max-video-preview:-1\" \/>\n<link rel=\"canonical\" href=\"https:\/\/bintiparis.com\/index.php\/product\/mon-simone\/\" \/>\n<meta property=\"og:locale\" content=\"fr_FR\" \/>\n<meta property=\"og:type\" content=\"article\" \/>\n<meta property=\"og:title\" content=\"Mon SIMONE - BINTI\" \/>\n<meta property=\"og:description\" content=\"Avec sa forme architecturale, le Simone s&#039;inspire des constructions moucharabieh et associe au cuir un travail de bijouterie de sac soign\u00e9 avec sa fibule signature modifiable grav\u00e9e BINTI et incrustations de soie v\u00e9ritable.   Choisissez la couleur du sac  Choisissez la couleur de la Fibule\" \/>\n<meta property=\"og:url\" content=\"https:\/\/bintiparis.com\/index.php\/product\/mon-simone\/\" \/>\n<meta property=\"og:site_name\" content=\"BINTI\" \/>\n<meta property=\"article:publisher\" content=\"https:\/\/www.facebook.com\/people\/Binti-Paris\/61560172855972\/\" \/>\n<meta property=\"article:modified_time\" content=\"2024-06-22T15:27:01+00:00\" \/>\n<meta property=\"og:image\" content=\"https:\/\/bintiparis.com\/wp-content\/uploads\/2024\/05\/Simone-Noir.png\" \/>\n\t<meta property=\"og:image:width\" content=\"1953\" \/>\n\t<meta property=\"og:image:height\" content=\"1896\" \/>\n\t<meta property=\"og:image:type\" content=\"image\/png\" \/>\n<meta name=\"twitter:card\" content=\"summary_large_image\" \/>\n<meta name=\"twitter:label1\" content=\"Dur\u00e9e de lecture estim\u00e9e\" \/>\n\t<meta name=\"twitter:data1\" content=\"1 minute\" \/>\n<script type=\"application\/ld+json\" class=\"yoast-schema-graph\">{\"@context\":\"https:\\\/\\\/schema.org\",\"@graph\":[{\"@type\":\"WebPage\",\"@id\":\"https:\\\/\\\/bintiparis.com\\\/index.php\\\/product\\\/mon-simone\\\/\",\"url\":\"https:\\\/\\\/bintiparis.com\\\/index.php\\\/product\\\/mon-simone\\\/\",\"name\":\"Mon SIMONE - BINTI\",\"isPartOf\":{\"@id\":\"https:\\\/\\\/bintiparis.com\\\/#website\"},\"primaryImageOfPage\":{\"@id\":\"https:\\\/\\\/bintiparis.com\\\/index.php\\\/product\\\/mon-simone\\\/#primaryimage\"},\"image\":{\"@id\":\"https:\\\/\\\/bintiparis.com\\\/index.php\\\/product\\\/mon-simone\\\/#primaryimage\"},\"thumbnailUrl\":\"https:\\\/\\\/bintiparis.com\\\/wp-content\\\/uploads\\\/2024\\\/05\\\/Simone-Noir.png\",\"datePublished\":\"2024-06-22T13:57:02+00:00\",\"dateModified\":\"2024-06-22T15:27:01+00:00\",\"breadcrumb\":{\"@id\":\"https:\\\/\\\/bintiparis.com\\\/index.php\\\/product\\\/mon-simone\\\/#breadcrumb\"},\"inLanguage\":\"fr-FR\",\"potentialAction\":[{\"@type\":\"ReadAction\",\"target\":[\"https:\\\/\\\/bintiparis.com\\\/index.php\\\/product\\\/mon-simone\\\/\"]}]},{\"@type\":\"ImageObject\",\"inLanguage\":\"fr-FR\",\"@id\":\"https:\\\/\\\/bintiparis.com\\\/index.php\\\/product\\\/mon-simone\\\/#primaryimage\",\"url\":\"https:\\\/\\\/bintiparis.com\\\/wp-content\\\/uploads\\\/2024\\\/05\\\/Simone-Noir.png\",\"contentUrl\":\"https:\\\/\\\/bintiparis.com\\\/wp-content\\\/uploads\\\/2024\\\/05\\\/Simone-Noir.png\",\"width\":1953,\"height\":1896,\"caption\":\"Simone Noir\"},{\"@type\":\"BreadcrumbList\",\"@id\":\"https:\\\/\\\/bintiparis.com\\\/index.php\\\/product\\\/mon-simone\\\/#breadcrumb\",\"itemListElement\":[{\"@type\":\"ListItem\",\"position\":1,\"name\":\"Accueil\",\"item\":\"https:\\\/\\\/bintiparis.com\\\/\"},{\"@type\":\"ListItem\",\"position\":2,\"name\":\"Shop\",\"item\":\"https:\\\/\\\/bintiparis.com\\\/index.php\\\/shop\\\/\"},{\"@type\":\"ListItem\",\"position\":3,\"name\":\"Mon SIMONE\"}]},{\"@type\":\"WebSite\",\"@id\":\"https:\\\/\\\/bintiparis.com\\\/#website\",\"url\":\"https:\\\/\\\/bintiparis.com\\\/\",\"name\":\"BINTI\",\"description\":\"Maison de Maroquinerie Haut de Gamme Engag\u00e9e\",\"publisher\":{\"@id\":\"https:\\\/\\\/bintiparis.com\\\/#organization\"},\"potentialAction\":[{\"@type\":\"SearchAction\",\"target\":{\"@type\":\"EntryPoint\",\"urlTemplate\":\"https:\\\/\\\/bintiparis.com\\\/?s={search_term_string}\"},\"query-input\":{\"@type\":\"PropertyValueSpecification\",\"valueRequired\":true,\"valueName\":\"search_term_string\"}}],\"inLanguage\":\"fr-FR\"},{\"@type\":\"Organization\",\"@id\":\"https:\\\/\\\/bintiparis.com\\\/#organization\",\"name\":\"BINTI\",\"url\":\"https:\\\/\\\/bintiparis.com\\\/\",\"logo\":{\"@type\":\"ImageObject\",\"inLanguage\":\"fr-FR\",\"@id\":\"https:\\\/\\\/bintiparis.com\\\/#\\\/schema\\\/logo\\\/image\\\/\",\"url\":\"https:\\\/\\\/bintiparis.com\\\/wp-content\\\/uploads\\\/2024\\\/09\\\/BINTI-Def-vectoriel-fond-transparent.png\",\"contentUrl\":\"https:\\\/\\\/bintiparis.com\\\/wp-content\\\/uploads\\\/2024\\\/09\\\/BINTI-Def-vectoriel-fond-transparent.png\",\"width\":4133,\"height\":6327,\"caption\":\"BINTI\"},\"image\":{\"@id\":\"https:\\\/\\\/bintiparis.com\\\/#\\\/schema\\\/logo\\\/image\\\/\"},\"sameAs\":[\"https:\\\/\\\/www.facebook.com\\\/people\\\/Binti-Paris\\\/61560172855972\\\/\",\"https:\\\/\\\/www.instagram.com\\\/binti.paris\\\/\",\"https:\\\/\\\/www.tiktok.com\\\/@binti.paris\"]}]}<\/script>\n<!-- \/ Yoast SEO plugin. -->","yoast_head_json":{"title":"Mon SIMONE - BINTI","robots":{"index":"index","follow":"follow","max-snippet":"max-snippet:-1","max-image-preview":"max-image-preview:large","max-video-preview":"max-video-preview:-1"},"canonical":"https:\/\/bintiparis.com\/index.php\/product\/mon-simone\/","og_locale":"fr_FR","og_type":"article","og_title":"Mon SIMONE - BINTI","og_description":"Avec sa forme architecturale, le Simone s'inspire des constructions moucharabieh et associe au cuir un travail de bijouterie de sac soign\u00e9 avec sa fibule signature modifiable grav\u00e9e BINTI et incrustations de soie v\u00e9ritable.   Choisissez la couleur du sac  Choisissez la couleur de la Fibule","og_url":"https:\/\/bintiparis.com\/index.php\/product\/mon-simone\/","og_site_name":"BINTI","article_publisher":"https:\/\/www.facebook.com\/people\/Binti-Paris\/61560172855972\/","article_modified_time":"2024-06-22T15:27:01+00:00","og_image":[{"width":1953,"height":1896,"url":"https:\/\/bintiparis.com\/wp-content\/uploads\/2024\/05\/Simone-Noir.png","type":"image\/png"}],"twitter_card":"summary_large_image","twitter_misc":{"Dur\u00e9e de lecture estim\u00e9e":"1 minute"},"schema":{"@context":"https:\/\/schema.org","@graph":[{"@type":"WebPage","@id":"https:\/\/bintiparis.com\/index.php\/product\/mon-simone\/","url":"https:\/\/bintiparis.com\/index.php\/product\/mon-simone\/","name":"Mon SIMONE - BINTI","isPartOf":{"@id":"https:\/\/bintiparis.com\/#website"},"primaryImageOfPage":{"@id":"https:\/\/bintiparis.com\/index.php\/product\/mon-simone\/#primaryimage"},"image":{"@id":"https:\/\/bintiparis.com\/index.php\/product\/mon-simone\/#primaryimage"},"thumbnailUrl":"https:\/\/bintiparis.com\/wp-content\/uploads\/2024\/05\/Simone-Noir.png","datePublished":"2024-06-22T13:57:02+00:00","dateModified":"2024-06-22T15:27:01+00:00","breadcrumb":{"@id":"https:\/\/bintiparis.com\/index.php\/product\/mon-simone\/#breadcrumb"},"inLanguage":"fr-FR","potentialAction":[{"@type":"ReadAction","target":["https:\/\/bintiparis.com\/index.php\/product\/mon-simone\/"]}]},{"@type":"ImageObject","inLanguage":"fr-FR","@id":"https:\/\/bintiparis.com\/index.php\/product\/mon-simone\/#primaryimage","url":"https:\/\/bintiparis.com\/wp-content\/uploads\/2024\/05\/Simone-Noir.png","contentUrl":"https:\/\/bintiparis.com\/wp-content\/uploads\/2024\/05\/Simone-Noir.png","width":1953,"height":1896,"caption":"Simone Noir"},{"@type":"BreadcrumbList","@id":"https:\/\/bintiparis.com\/index.php\/product\/mon-simone\/#breadcrumb","itemListElement":[{"@type":"ListItem","position":1,"name":"Accueil","item":"https:\/\/bintiparis.com\/"},{"@type":"ListItem","position":2,"name":"Shop","item":"https:\/\/bintiparis.com\/index.php\/shop\/"},{"@type":"ListItem","position":3,"name":"Mon SIMONE"}]},{"@type":"WebSite","@id":"https:\/\/bintiparis.com\/#website","url":"https:\/\/bintiparis.com\/","name":"BINTI","description":"Maison de Maroquinerie Haut de Gamme Engag\u00e9e","publisher":{"@id":"https:\/\/bintiparis.com\/#organization"},"potentialAction":[{"@type":"SearchAction","target":{"@type":"EntryPoint","urlTemplate":"https:\/\/bintiparis.com\/?s={search_term_string}"},"query-input":{"@type":"PropertyValueSpecification","valueRequired":true,"valueName":"search_term_string"}}],"inLanguage":"fr-FR"},{"@type":"Organization","@id":"https:\/\/bintiparis.com\/#organization","name":"BINTI","url":"https:\/\/bintiparis.com\/","logo":{"@type":"ImageObject","inLanguage":"fr-FR","@id":"https:\/\/bintiparis.com\/#\/schema\/logo\/image\/","url":"https:\/\/bintiparis.com\/wp-content\/uploads\/2024\/09\/BINTI-Def-vectoriel-fond-transparent.png","contentUrl":"https:\/\/bintiparis.com\/wp-content\/uploads\/2024\/09\/BINTI-Def-vectoriel-fond-transparent.png","width":4133,"height":6327,"caption":"BINTI"},"image":{"@id":"https:\/\/bintiparis.com\/#\/schema\/logo\/image\/"},"sameAs":["https:\/\/www.facebook.com\/people\/Binti-Paris\/61560172855972\/","https:\/\/www.instagram.com\/binti.paris\/","https:\/\/www.tiktok.com\/@binti.paris"]}]}},"jetpack_sharing_enabled":true,"_links":{"self":[{"href":"https:\/\/bintiparis.com\/index.php\/wp-json\/wp\/v2\/product\/12069","targetHints":{"allow":["GET"]}}],"collection":[{"href":"https:\/\/bintiparis.com\/index.php\/wp-json\/wp\/v2\/product"}],"about":[{"href":"https:\/\/bintiparis.com\/index.php\/wp-json\/wp\/v2\/types\/product"}],"version-history":[{"count":3,"href":"https:\/\/bintiparis.com\/index.php\/wp-json\/wp\/v2\/product\/12069\/revisions"}],"predecessor-version":[{"id":12087,"href":"https:\/\/bintiparis.com\/index.php\/wp-json\/wp\/v2\/product\/12069\/revisions\/12087"}],"wp:featuredmedia":[{"embeddable":true,"href":"https:\/\/bintiparis.com\/index.php\/wp-json\/wp\/v2\/media\/11487"}],"wp:attachment":[{"href":"https:\/\/bintiparis.com\/index.php\/wp-json\/wp\/v2\/media?parent=12069"}],"wp:term":[{"taxonomy":"product_cat","embeddable":true,"href":"https:\/\/bintiparis.com\/index.php\/wp-json\/wp\/v2\/product_cat?post=12069"},{"taxonomy":"product_tag","embeddable":true,"href":"https:\/\/bintiparis.com\/index.php\/wp-json\/wp\/v2\/product_tag?post=12069"}],"curies":[{"name":"wp","href":"https:\/\/api.w.org\/{rel}","templated":true}]}}