{"id":11346,"date":"2024-05-23T16:35:13","date_gmt":"2024-05-23T14:35:13","guid":{"rendered":"https:\/\/bintiparis.com\/?post_type=product&#038;p=11346"},"modified":"2024-06-23T19:15:37","modified_gmt":"2024-06-23T17:15:37","slug":"mini-coco-avocado","status":"publish","type":"product","link":"https:\/\/bintiparis.com\/index.php\/product\/mini-coco-avocado\/","title":{"rendered":"Mini COCO Avocado"},"content":{"rendered":"<p>Imagin\u00e9 pour contenir tous vos essentiels du quotidien, ce mod\u00e8le est rehauss\u00e9 par un joli pochon color\u00e9 en soie v\u00e9ritable issue du ver \u00e0 soie et se portera main avec des anses en cuir ou \u00e9paule ou crossbody avec une bandouli\u00e8re ajustable en cuir.<\/p>\n<p>&nbsp;<\/p>\n<p><em><strong>Dimensions et port\u00e9s<\/strong><\/em><\/p>\n<ul>\n<li>Existe en format L pour contenir une pochette, un portefeuille, un t\u00e9l\u00e9phone, un porte-cartes, des lunettes de soleil et un rouge \u00e0 l\u00e8vres<\/li>\n<li>Longueur de la anse port\u00e9e : 13 cm<\/li>\n<li>Port\u00e9s main, crossbody ou \u00e9paule<\/li>\n<li>Pochette ext\u00e9rieure en cuir<\/li>\n<\/ul>\n<p><strong><em>Mat\u00e9riaux<\/em><\/strong><\/p>\n<ul>\n<li>Cuir bovin lisse pleine fleur<\/li>\n<li>Smar, mati\u00e8res naturelles, chaque brin est soigneusement s\u00e9lectionn\u00e9 et tress\u00e9 par les artisanes<\/li>\n<li>Pochon en soie v\u00e9ritable tiss\u00e9 \u00e0 la main par nos artisans tisserands ancestraux, savoir faire transmis de p\u00e8re en fils de puis le XVIIIe si\u00e8cle<\/li>\n<li>Les cuirs s\u00e9lectionn\u00e9s par BINTI n\u00e9cessitent peu d\u2019entretien.<\/li>\n<li>Quelques gestes permettent d\u2019en pr\u00e9server l\u2019apparence originelle.<\/li>\n<li>Eviter l\u2019exposition prolong\u00e9e \u00e0 la lumi\u00e8re directe, la chaleur et tout contact avec l\u2019eau, les corps gras, les parfums et cosm\u00e9tiques.<\/li>\n<li>Attention aux v\u00eatements fonc\u00e9s et neufs dont la teinture pourrait d\u00e9gorger.<\/li>\n<li>Si le cuir ou le smar viennent \u00e0 \u00eatre mouill\u00e9s, absorber l\u2019exc\u00e8s \u00e0 l&rsquo;aide d\u2019un chiffon doux.<\/li>\n<li>Laisser s\u00e9cher \u00e0 temp\u00e9rature ambiante. Il n\u2019est pas n\u00e9cessaire d\u2019appliquer une cr\u00e8me d\u2019entretien.<\/li>\n<li>Ne pas surcharger le sac, le conserver dans son pochon<\/li>\n<li>Afin de prolonger le port\u00e9 de ses mod\u00e8les, BINTI propose un service de r\u00e9paration<\/li>\n<\/ul>\n","protected":false},"excerpt":{"rendered":"<p>Imagin\u00e9 pour contenir tous vos essentiels du quotidien, ce mod\u00e8le en smar est rehauss\u00e9 par un joli pochon color\u00e9 en soie v\u00e9ritable issue du ver \u00e0 soie et se portera main avec des anses en cuir ou \u00e9paule ou crossbody avec une bandouli\u00e8re ajustable en cuir. Cousu main.<\/p>\n","protected":false},"featured_media":11379,"template":"","meta":[],"product_cat":[176,158],"product_tag":[],"class_list":{"0":"post-11346","1":"product","2":"type-product","3":"status-publish","4":"has-post-thumbnail","6":"product_brand-binti","7":"product_cat-coco","8":"product_cat-maroquinerie","10":"first","11":"instock","12":"taxable","13":"shipping-taxable","14":"purchasable","15":"product-type-variable","16":"has-default-attributes"},"yoast_head":"<!-- This site is optimized with the Yoast SEO plugin v27.4 - https:\/\/yoast.com\/product\/yoast-seo-wordpress\/ -->\n<title>Mini COCO Avocado - BINTI<\/title>\n<meta name=\"robots\" content=\"index, follow, max-snippet:-1, max-image-preview:large, max-video-preview:-1\" \/>\n<link rel=\"canonical\" href=\"https:\/\/bintiparis.com\/index.php\/product\/mini-coco-avocado\/\" \/>\n<meta property=\"og:locale\" content=\"fr_FR\" \/>\n<meta property=\"og:type\" content=\"article\" \/>\n<meta property=\"og:title\" content=\"Mini COCO Avocado - BINTI\" \/>\n<meta property=\"og:description\" content=\"Imagin\u00e9 pour contenir tous vos essentiels du quotidien, ce mod\u00e8le en smar est rehauss\u00e9 par un joli pochon color\u00e9 en soie v\u00e9ritable issue du ver \u00e0 soie et se portera main avec des anses en cuir ou \u00e9paule ou crossbody avec une bandouli\u00e8re ajustable en cuir. Cousu main.\" \/>\n<meta property=\"og:url\" content=\"https:\/\/bintiparis.com\/index.php\/product\/mini-coco-avocado\/\" \/>\n<meta property=\"og:site_name\" content=\"BINTI\" \/>\n<meta property=\"article:publisher\" content=\"https:\/\/www.facebook.com\/people\/Binti-Paris\/61560172855972\/\" \/>\n<meta property=\"article:modified_time\" content=\"2024-06-23T17:15:37+00:00\" \/>\n<meta property=\"og:image\" content=\"https:\/\/bintiparis.com\/wp-content\/uploads\/2024\/05\/Mini_coco_vert-1024x994.png\" \/>\n\t<meta property=\"og:image:width\" content=\"1024\" \/>\n\t<meta property=\"og:image:height\" content=\"994\" \/>\n\t<meta property=\"og:image:type\" content=\"image\/png\" \/>\n<meta name=\"twitter:card\" content=\"summary_large_image\" \/>\n<meta name=\"twitter:label1\" content=\"Dur\u00e9e de lecture estim\u00e9e\" \/>\n\t<meta name=\"twitter:data1\" content=\"1 minute\" \/>\n<script type=\"application\/ld+json\" class=\"yoast-schema-graph\">{\"@context\":\"https:\\\/\\\/schema.org\",\"@graph\":[{\"@type\":\"WebPage\",\"@id\":\"https:\\\/\\\/bintiparis.com\\\/index.php\\\/product\\\/mini-coco-avocado\\\/\",\"url\":\"https:\\\/\\\/bintiparis.com\\\/index.php\\\/product\\\/mini-coco-avocado\\\/\",\"name\":\"Mini COCO Avocado - BINTI\",\"isPartOf\":{\"@id\":\"https:\\\/\\\/bintiparis.com\\\/#website\"},\"primaryImageOfPage\":{\"@id\":\"https:\\\/\\\/bintiparis.com\\\/index.php\\\/product\\\/mini-coco-avocado\\\/#primaryimage\"},\"image\":{\"@id\":\"https:\\\/\\\/bintiparis.com\\\/index.php\\\/product\\\/mini-coco-avocado\\\/#primaryimage\"},\"thumbnailUrl\":\"https:\\\/\\\/bintiparis.com\\\/wp-content\\\/uploads\\\/2024\\\/05\\\/Mini_coco_vert.png\",\"datePublished\":\"2024-05-23T14:35:13+00:00\",\"dateModified\":\"2024-06-23T17:15:37+00:00\",\"breadcrumb\":{\"@id\":\"https:\\\/\\\/bintiparis.com\\\/index.php\\\/product\\\/mini-coco-avocado\\\/#breadcrumb\"},\"inLanguage\":\"fr-FR\",\"potentialAction\":[{\"@type\":\"ReadAction\",\"target\":[\"https:\\\/\\\/bintiparis.com\\\/index.php\\\/product\\\/mini-coco-avocado\\\/\"]}]},{\"@type\":\"ImageObject\",\"inLanguage\":\"fr-FR\",\"@id\":\"https:\\\/\\\/bintiparis.com\\\/index.php\\\/product\\\/mini-coco-avocado\\\/#primaryimage\",\"url\":\"https:\\\/\\\/bintiparis.com\\\/wp-content\\\/uploads\\\/2024\\\/05\\\/Mini_coco_vert.png\",\"contentUrl\":\"https:\\\/\\\/bintiparis.com\\\/wp-content\\\/uploads\\\/2024\\\/05\\\/Mini_coco_vert.png\",\"width\":1953,\"height\":1896,\"caption\":\"Mini coco avocado\"},{\"@type\":\"BreadcrumbList\",\"@id\":\"https:\\\/\\\/bintiparis.com\\\/index.php\\\/product\\\/mini-coco-avocado\\\/#breadcrumb\",\"itemListElement\":[{\"@type\":\"ListItem\",\"position\":1,\"name\":\"Accueil\",\"item\":\"https:\\\/\\\/bintiparis.com\\\/\"},{\"@type\":\"ListItem\",\"position\":2,\"name\":\"Shop\",\"item\":\"https:\\\/\\\/bintiparis.com\\\/index.php\\\/shop\\\/\"},{\"@type\":\"ListItem\",\"position\":3,\"name\":\"Mini COCO Avocado\"}]},{\"@type\":\"WebSite\",\"@id\":\"https:\\\/\\\/bintiparis.com\\\/#website\",\"url\":\"https:\\\/\\\/bintiparis.com\\\/\",\"name\":\"BINTI\",\"description\":\"Maison de Maroquinerie Haut de Gamme Engag\u00e9e\",\"publisher\":{\"@id\":\"https:\\\/\\\/bintiparis.com\\\/#organization\"},\"potentialAction\":[{\"@type\":\"SearchAction\",\"target\":{\"@type\":\"EntryPoint\",\"urlTemplate\":\"https:\\\/\\\/bintiparis.com\\\/?s={search_term_string}\"},\"query-input\":{\"@type\":\"PropertyValueSpecification\",\"valueRequired\":true,\"valueName\":\"search_term_string\"}}],\"inLanguage\":\"fr-FR\"},{\"@type\":\"Organization\",\"@id\":\"https:\\\/\\\/bintiparis.com\\\/#organization\",\"name\":\"BINTI\",\"url\":\"https:\\\/\\\/bintiparis.com\\\/\",\"logo\":{\"@type\":\"ImageObject\",\"inLanguage\":\"fr-FR\",\"@id\":\"https:\\\/\\\/bintiparis.com\\\/#\\\/schema\\\/logo\\\/image\\\/\",\"url\":\"https:\\\/\\\/bintiparis.com\\\/wp-content\\\/uploads\\\/2024\\\/09\\\/BINTI-Def-vectoriel-fond-transparent.png\",\"contentUrl\":\"https:\\\/\\\/bintiparis.com\\\/wp-content\\\/uploads\\\/2024\\\/09\\\/BINTI-Def-vectoriel-fond-transparent.png\",\"width\":4133,\"height\":6327,\"caption\":\"BINTI\"},\"image\":{\"@id\":\"https:\\\/\\\/bintiparis.com\\\/#\\\/schema\\\/logo\\\/image\\\/\"},\"sameAs\":[\"https:\\\/\\\/www.facebook.com\\\/people\\\/Binti-Paris\\\/61560172855972\\\/\",\"https:\\\/\\\/www.instagram.com\\\/binti.paris\\\/\",\"https:\\\/\\\/www.tiktok.com\\\/@binti.paris\"]}]}<\/script>\n<!-- \/ Yoast SEO plugin. -->","yoast_head_json":{"title":"Mini COCO Avocado - BINTI","robots":{"index":"index","follow":"follow","max-snippet":"max-snippet:-1","max-image-preview":"max-image-preview:large","max-video-preview":"max-video-preview:-1"},"canonical":"https:\/\/bintiparis.com\/index.php\/product\/mini-coco-avocado\/","og_locale":"fr_FR","og_type":"article","og_title":"Mini COCO Avocado - BINTI","og_description":"Imagin\u00e9 pour contenir tous vos essentiels du quotidien, ce mod\u00e8le en smar est rehauss\u00e9 par un joli pochon color\u00e9 en soie v\u00e9ritable issue du ver \u00e0 soie et se portera main avec des anses en cuir ou \u00e9paule ou crossbody avec une bandouli\u00e8re ajustable en cuir. Cousu main.","og_url":"https:\/\/bintiparis.com\/index.php\/product\/mini-coco-avocado\/","og_site_name":"BINTI","article_publisher":"https:\/\/www.facebook.com\/people\/Binti-Paris\/61560172855972\/","article_modified_time":"2024-06-23T17:15:37+00:00","og_image":[{"width":1024,"height":994,"url":"https:\/\/bintiparis.com\/wp-content\/uploads\/2024\/05\/Mini_coco_vert-1024x994.png","type":"image\/png"}],"twitter_card":"summary_large_image","twitter_misc":{"Dur\u00e9e de lecture estim\u00e9e":"1 minute"},"schema":{"@context":"https:\/\/schema.org","@graph":[{"@type":"WebPage","@id":"https:\/\/bintiparis.com\/index.php\/product\/mini-coco-avocado\/","url":"https:\/\/bintiparis.com\/index.php\/product\/mini-coco-avocado\/","name":"Mini COCO Avocado - BINTI","isPartOf":{"@id":"https:\/\/bintiparis.com\/#website"},"primaryImageOfPage":{"@id":"https:\/\/bintiparis.com\/index.php\/product\/mini-coco-avocado\/#primaryimage"},"image":{"@id":"https:\/\/bintiparis.com\/index.php\/product\/mini-coco-avocado\/#primaryimage"},"thumbnailUrl":"https:\/\/bintiparis.com\/wp-content\/uploads\/2024\/05\/Mini_coco_vert.png","datePublished":"2024-05-23T14:35:13+00:00","dateModified":"2024-06-23T17:15:37+00:00","breadcrumb":{"@id":"https:\/\/bintiparis.com\/index.php\/product\/mini-coco-avocado\/#breadcrumb"},"inLanguage":"fr-FR","potentialAction":[{"@type":"ReadAction","target":["https:\/\/bintiparis.com\/index.php\/product\/mini-coco-avocado\/"]}]},{"@type":"ImageObject","inLanguage":"fr-FR","@id":"https:\/\/bintiparis.com\/index.php\/product\/mini-coco-avocado\/#primaryimage","url":"https:\/\/bintiparis.com\/wp-content\/uploads\/2024\/05\/Mini_coco_vert.png","contentUrl":"https:\/\/bintiparis.com\/wp-content\/uploads\/2024\/05\/Mini_coco_vert.png","width":1953,"height":1896,"caption":"Mini coco avocado"},{"@type":"BreadcrumbList","@id":"https:\/\/bintiparis.com\/index.php\/product\/mini-coco-avocado\/#breadcrumb","itemListElement":[{"@type":"ListItem","position":1,"name":"Accueil","item":"https:\/\/bintiparis.com\/"},{"@type":"ListItem","position":2,"name":"Shop","item":"https:\/\/bintiparis.com\/index.php\/shop\/"},{"@type":"ListItem","position":3,"name":"Mini COCO Avocado"}]},{"@type":"WebSite","@id":"https:\/\/bintiparis.com\/#website","url":"https:\/\/bintiparis.com\/","name":"BINTI","description":"Maison de Maroquinerie Haut de Gamme Engag\u00e9e","publisher":{"@id":"https:\/\/bintiparis.com\/#organization"},"potentialAction":[{"@type":"SearchAction","target":{"@type":"EntryPoint","urlTemplate":"https:\/\/bintiparis.com\/?s={search_term_string}"},"query-input":{"@type":"PropertyValueSpecification","valueRequired":true,"valueName":"search_term_string"}}],"inLanguage":"fr-FR"},{"@type":"Organization","@id":"https:\/\/bintiparis.com\/#organization","name":"BINTI","url":"https:\/\/bintiparis.com\/","logo":{"@type":"ImageObject","inLanguage":"fr-FR","@id":"https:\/\/bintiparis.com\/#\/schema\/logo\/image\/","url":"https:\/\/bintiparis.com\/wp-content\/uploads\/2024\/09\/BINTI-Def-vectoriel-fond-transparent.png","contentUrl":"https:\/\/bintiparis.com\/wp-content\/uploads\/2024\/09\/BINTI-Def-vectoriel-fond-transparent.png","width":4133,"height":6327,"caption":"BINTI"},"image":{"@id":"https:\/\/bintiparis.com\/#\/schema\/logo\/image\/"},"sameAs":["https:\/\/www.facebook.com\/people\/Binti-Paris\/61560172855972\/","https:\/\/www.instagram.com\/binti.paris\/","https:\/\/www.tiktok.com\/@binti.paris"]}]}},"jetpack_sharing_enabled":true,"_links":{"self":[{"href":"https:\/\/bintiparis.com\/index.php\/wp-json\/wp\/v2\/product\/11346","targetHints":{"allow":["GET"]}}],"collection":[{"href":"https:\/\/bintiparis.com\/index.php\/wp-json\/wp\/v2\/product"}],"about":[{"href":"https:\/\/bintiparis.com\/index.php\/wp-json\/wp\/v2\/types\/product"}],"version-history":[{"count":3,"href":"https:\/\/bintiparis.com\/index.php\/wp-json\/wp\/v2\/product\/11346\/revisions"}],"predecessor-version":[{"id":11654,"href":"https:\/\/bintiparis.com\/index.php\/wp-json\/wp\/v2\/product\/11346\/revisions\/11654"}],"wp:featuredmedia":[{"embeddable":true,"href":"https:\/\/bintiparis.com\/index.php\/wp-json\/wp\/v2\/media\/11379"}],"wp:attachment":[{"href":"https:\/\/bintiparis.com\/index.php\/wp-json\/wp\/v2\/media?parent=11346"}],"wp:term":[{"taxonomy":"product_cat","embeddable":true,"href":"https:\/\/bintiparis.com\/index.php\/wp-json\/wp\/v2\/product_cat?post=11346"},{"taxonomy":"product_tag","embeddable":true,"href":"https:\/\/bintiparis.com\/index.php\/wp-json\/wp\/v2\/product_tag?post=11346"}],"curies":[{"name":"wp","href":"https:\/\/api.w.org\/{rel}","templated":true}]}}