{"id":1528,"date":"2023-12-12T09:35:12","date_gmt":"2023-12-12T09:35:12","guid":{"rendered":"https:\/\/ettore.qodeinteractive.com\/?page_id=1528"},"modified":"2025-07-16T13:42:20","modified_gmt":"2025-07-16T11:42:20","slug":"about-us","status":"publish","type":"page","link":"https:\/\/bintiparis.com\/index.php\/about-us\/","title":{"rendered":"About Us"},"content":{"rendered":"\t\t<div data-elementor-type=\"wp-page\" data-elementor-id=\"1528\" class=\"elementor elementor-1528\">\n\t\t\t\t<div class=\"elementor-element elementor-element-bb95a99 e-flex e-con-boxed elementor-invisible e-con e-parent\" data-id=\"bb95a99\" data-element_type=\"container\" data-e-type=\"container\" data-settings=\"{&quot;animation&quot;:&quot;fadeIn&quot;}\">\n\t\t\t\t\t<div class=\"e-con-inner\">\n\t\t\t\t<div class=\"elementor-element elementor-element-82afed9 elementor-widget elementor-widget-heading\" data-id=\"82afed9\" data-element_type=\"widget\" data-e-type=\"widget\" data-widget_type=\"heading.default\">\n\t\t\t\t<div class=\"elementor-widget-container\">\n\t\t\t\t\t<h1 class=\"elementor-heading-title elementor-size-default\">La Femme BINTI<\/h1>\t\t\t\t<\/div>\n\t\t\t\t<\/div>\n\t\t\t\t<div class=\"elementor-element elementor-element-b8b051a elementor-widget elementor-widget-heading\" data-id=\"b8b051a\" data-element_type=\"widget\" data-e-type=\"widget\" data-widget_type=\"heading.default\">\n\t\t\t\t<div class=\"elementor-widget-container\">\n\t\t\t\t\t<h2 class=\"elementor-heading-title elementor-size-default\">LE SAVOIR-FAIRE AU SERVICE DE LA CR\u00c9ATIVIT\u00c9<\/h2>\t\t\t\t<\/div>\n\t\t\t\t<\/div>\n\t\t\t\t\t<\/div>\n\t\t\t\t<\/div>\n\t\t<div class=\"elementor-element elementor-element-58b147d e-flex e-con-boxed elementor-invisible e-con e-parent\" data-id=\"58b147d\" data-element_type=\"container\" data-e-type=\"container\" data-settings=\"{&quot;animation&quot;:&quot;fadeIn&quot;}\">\n\t\t\t\t\t<div class=\"e-con-inner\">\n\t\t<div class=\"elementor-element elementor-element-5a77e74 e-con-full e-flex e-con e-child\" data-id=\"5a77e74\" data-element_type=\"container\" data-e-type=\"container\">\n\t\t\t\t<div class=\"elementor-element elementor-element-622681c elementor-widget elementor-widget-image\" data-id=\"622681c\" data-element_type=\"widget\" data-e-type=\"widget\" data-widget_type=\"image.default\">\n\t\t\t\t<div class=\"elementor-widget-container\">\n\t\t\t\t\t\t\t\t\t\t\t\t\t\t\t<img decoding=\"async\" width=\"1\" height=\"1\" src=\"https:\/\/bintiparis.com\/wp-content\/uploads\/2024\/06\/DSC09556.jpg\" class=\"attachment-large size-large wp-image-11679\" alt=\"Simone Noir\" \/>\t\t\t\t\t\t\t\t\t\t\t\t\t\t\t<\/div>\n\t\t\t\t<\/div>\n\t\t\t\t<\/div>\n\t\t<div class=\"elementor-element elementor-element-b7320f6 e-con-full e-flex e-con e-child\" data-id=\"b7320f6\" data-element_type=\"container\" data-e-type=\"container\">\n\t\t\t\t<div class=\"elementor-element elementor-element-101f4b5 elementor-widget elementor-widget-qi_addons_for_elementor_animated_text\" data-id=\"101f4b5\" data-element_type=\"widget\" data-e-type=\"widget\" data-widget_type=\"qi_addons_for_elementor_animated_text.default\">\n\t\t\t\t<div class=\"elementor-widget-container\">\n\t\t\t\t\t<div class=\"qodef-shortcode qodef-m qodef-qi-animated-text qodef-qi--has-appear qodef--appear-from-bottom\" >\n\t\t<h2 class=\"qodef-m-title\">\n\t\tLa Maison BINTI\t<\/h2>\n<\/div>\n\t\t\t\t<\/div>\n\t\t\t\t<\/div>\n\t\t\t\t<div class=\"elementor-element elementor-element-000658e elementor-invisible elementor-widget elementor-widget-text-editor\" data-id=\"000658e\" data-element_type=\"widget\" data-e-type=\"widget\" data-settings=\"{&quot;_animation&quot;:&quot;fadeIn&quot;}\" data-widget_type=\"text-editor.default\">\n\t\t\t\t<div class=\"elementor-widget-container\">\n\t\t\t\t\t\t\t\t\t<p>Nous c\u00e9l\u00e9brons la rencontre harmonieuse entre l&rsquo;artisanat ancestral et le chic intemporel fran\u00e7ais.<br \/>Toutes nos cr\u00e9ations sont alors confectionn\u00e9es avec le plus grand soin et refl\u00e8tent l&rsquo;authenticit\u00e9 et le savoir-faire de nos artisans alli\u00e9s \u00e0 l&rsquo;\u00e9l\u00e9gance \u00e9pur\u00e9e et d\u00e9licate de la mode Parisienne.<\/p>\t\t\t\t\t\t\t\t<\/div>\n\t\t\t\t<\/div>\n\t\t\t\t<div class=\"elementor-element elementor-element-270c034 animated-fast elementor-invisible elementor-widget elementor-widget-ettore_core_button\" data-id=\"270c034\" data-element_type=\"widget\" data-e-type=\"widget\" data-settings=\"{&quot;_animation&quot;:&quot;fadeInUp&quot;}\" data-widget_type=\"ettore_core_button.default\">\n\t\t\t\t<div class=\"elementor-widget-container\">\n\t\t\t\t\t<a class=\"qodef-shortcode qodef-m  qodef-button qodef-layout--outlined qodef-size--small qodef-html--link\" href=\"https:\/\/bintiparis.com\/index.php\/maroquinerie\/\" target=\"_self\" >\n\t<span class=\"qodef-m-text\">VOIR NOS CREATIONS<\/span>\n<\/a>\n\t\t\t\t<\/div>\n\t\t\t\t<\/div>\n\t\t\t\t<\/div>\n\t\t<div class=\"elementor-element elementor-element-d0886a7 e-con-full e-flex e-con e-child\" data-id=\"d0886a7\" data-element_type=\"container\" data-e-type=\"container\">\n\t\t\t\t<div class=\"elementor-element elementor-element-f1423d1 animated-fast elementor-hidden-desktop elementor-hidden-tablet elementor-invisible elementor-widget elementor-widget-image\" data-id=\"f1423d1\" data-element_type=\"widget\" data-e-type=\"widget\" data-settings=\"{&quot;_animation&quot;:&quot;fadeInUp&quot;}\" data-widget_type=\"image.default\">\n\t\t\t\t<div class=\"elementor-widget-container\">\n\t\t\t\t\t\t\t\t\t\t\t\t\t\t\t<img decoding=\"async\" width=\"1\" height=\"1\" src=\"https:\/\/bintiparis.com\/wp-content\/uploads\/2024\/06\/DSC00163.jpg\" class=\"attachment-large size-large wp-image-11687\" alt=\"Rosa Camel\" \/>\t\t\t\t\t\t\t\t\t\t\t\t\t\t\t<\/div>\n\t\t\t\t<\/div>\n\t\t\t\t<div class=\"elementor-element elementor-element-73f3d37 elementor-widget elementor-widget-qi_addons_for_elementor_animated_text\" data-id=\"73f3d37\" data-element_type=\"widget\" data-e-type=\"widget\" data-widget_type=\"qi_addons_for_elementor_animated_text.default\">\n\t\t\t\t<div class=\"elementor-widget-container\">\n\t\t\t\t\t<div class=\"qodef-shortcode qodef-m qodef-qi-animated-text qodef-qi--has-appear qodef--appear-from-bottom\" >\n\t\t<h2 class=\"qodef-m-title\">\n\t\tLa Femme BINTI\t<\/h2>\n<\/div>\n\t\t\t\t<\/div>\n\t\t\t\t<\/div>\n\t\t\t\t<div class=\"elementor-element elementor-element-9e1df5d elementor-invisible elementor-widget elementor-widget-text-editor\" data-id=\"9e1df5d\" data-element_type=\"widget\" data-e-type=\"widget\" data-settings=\"{&quot;_animation&quot;:&quot;fadeIn&quot;}\" data-widget_type=\"text-editor.default\">\n\t\t\t\t<div class=\"elementor-widget-container\">\n\t\t\t\t\t\t\t\t\t<p>El\u00e9gante, passionn\u00e9e et active, la femme BINTI arbore au quotidien des pi\u00e8ces uniques incarnant<br \/>traditions et modernit\u00e9. Soucieuse des enjeux de son \u00e9poque et de son environnement, elle fait des<br \/>choix durables, responsables et \u00e9thiques<\/p>\t\t\t\t\t\t\t\t<\/div>\n\t\t\t\t<\/div>\n\t\t\t\t<div class=\"elementor-element elementor-element-42d87af animated-fast elementor-invisible elementor-widget elementor-widget-ettore_core_button\" data-id=\"42d87af\" data-element_type=\"widget\" data-e-type=\"widget\" data-settings=\"{&quot;_animation&quot;:&quot;fadeInUp&quot;}\" data-widget_type=\"ettore_core_button.default\">\n\t\t\t\t<div class=\"elementor-widget-container\">\n\t\t\t\t\t<a class=\"qodef-shortcode qodef-m  qodef-button qodef-layout--outlined qodef-size--small qodef-html--link\" href=\"https:\/\/bintiparis.com\/index.php\/maroquinerie\/\" target=\"_self\" >\n\t<span class=\"qodef-m-text\">VOIR NOS CREATIONS<\/span>\n<\/a>\n\t\t\t\t<\/div>\n\t\t\t\t<\/div>\n\t\t\t\t<\/div>\n\t\t<div class=\"elementor-element elementor-element-bffaffb e-con-full e-flex e-con e-child\" data-id=\"bffaffb\" data-element_type=\"container\" data-e-type=\"container\">\n\t\t\t\t<div class=\"elementor-element elementor-element-8d7cfe2 animated-fast elementor-hidden-mobile elementor-invisible elementor-widget elementor-widget-image\" data-id=\"8d7cfe2\" data-element_type=\"widget\" data-e-type=\"widget\" data-settings=\"{&quot;_animation&quot;:&quot;fadeInUp&quot;}\" data-widget_type=\"image.default\">\n\t\t\t\t<div class=\"elementor-widget-container\">\n\t\t\t\t\t\t\t\t\t\t\t\t\t\t\t<img decoding=\"async\" width=\"1\" height=\"1\" src=\"https:\/\/bintiparis.com\/wp-content\/uploads\/2024\/06\/DSC00163.jpg\" class=\"attachment-large size-large wp-image-11687\" alt=\"Rosa Camel\" \/>\t\t\t\t\t\t\t\t\t\t\t\t\t\t\t<\/div>\n\t\t\t\t<\/div>\n\t\t\t\t<\/div>\n\t\t\t\t\t<\/div>\n\t\t\t\t<\/div>\n\t\t<div class=\"elementor-element elementor-element-b6f4a39 e-flex e-con-boxed e-con e-parent\" data-id=\"b6f4a39\" data-element_type=\"container\" data-e-type=\"container\">\n\t\t\t\t\t<div class=\"e-con-inner\">\n\t\t<div class=\"elementor-element elementor-element-37fcd06 e-con-full e-flex e-con e-child\" data-id=\"37fcd06\" data-element_type=\"container\" data-e-type=\"container\">\n\t\t\t\t<div class=\"elementor-element elementor-element-d3aaa2a elementor-widget elementor-widget-heading\" data-id=\"d3aaa2a\" data-element_type=\"widget\" data-e-type=\"widget\" data-widget_type=\"heading.default\">\n\t\t\t\t<div class=\"elementor-widget-container\">\n\t\t\t\t\t<span class=\"elementor-heading-title elementor-size-default\">Rejoignez la Famille BINTI<\/span>\t\t\t\t<\/div>\n\t\t\t\t<\/div>\n\t\t\t\t<\/div>\n\t\t<div class=\"elementor-element elementor-element-1fff05f e-con-full e-flex e-con e-child\" data-id=\"1fff05f\" data-element_type=\"container\" data-e-type=\"container\">\n\t\t\t\t<div class=\"elementor-element elementor-element-b448aaf elementor-widget elementor-widget-ettore_core_button\" data-id=\"b448aaf\" data-element_type=\"widget\" data-e-type=\"widget\" data-widget_type=\"ettore_core_button.default\">\n\t\t\t\t<div class=\"elementor-widget-container\">\n\t\t\t\t\t<a class=\"qodef-shortcode qodef-m  qodef-button qodef-layout--filled qodef-size--small qodef-html--link\" href=\"https:\/\/www.instagram.com\/binti.paris\/\" target=\"_self\" >\n\t<span class=\"qodef-m-text\">SUIVRE BINTI<\/span>\n<\/a>\n\t\t\t\t<\/div>\n\t\t\t\t<\/div>\n\t\t\t\t<div class=\"elementor-element elementor-element-1ae9fd6 elementor-widget elementor-widget-shortcode\" data-id=\"1ae9fd6\" data-element_type=\"widget\" data-e-type=\"widget\" data-widget_type=\"shortcode.default\">\n\t\t\t\t<div class=\"elementor-widget-container\">\n\t\t\t\t\t\t\t<div class=\"elementor-shortcode\"><\/div>\n\t\t\t\t\t\t<\/div>\n\t\t\t\t<\/div>\n\t\t\t\t<\/div>\n\t\t\t\t\t<\/div>\n\t\t\t\t<\/div>\n\t\t\t\t<\/div>\n\t\t","protected":false},"excerpt":{"rendered":"<p>La Femme BINTI LE SAVOIR-FAIRE AU SERVICE DE LA CR\u00c9ATIVIT\u00c9 La Maison BINTI Nous c\u00e9l\u00e9brons la rencontre harmonieuse entre l&rsquo;artisanat ancestral et le chic intemporel fran\u00e7ais.Toutes nos cr\u00e9ations sont alors confectionn\u00e9es avec le plus grand soin et refl\u00e8tent l&rsquo;authenticit\u00e9 et le savoir-faire de nos artisans alli\u00e9s \u00e0 l&rsquo;\u00e9l\u00e9gance \u00e9pur\u00e9e et d\u00e9licate de la mode Parisienne. [&hellip;]<\/p>\n","protected":false},"author":1,"featured_media":0,"parent":0,"menu_order":0,"comment_status":"closed","ping_status":"closed","template":"page-full-width.php","meta":{"footnotes":""},"class_list":["post-1528","page","type-page","status-publish","hentry"],"yoast_head":"<!-- This site is optimized with the Yoast SEO plugin v27.4 - https:\/\/yoast.com\/product\/yoast-seo-wordpress\/ -->\n<title>About Us - BINTI<\/title>\n<meta name=\"description\" content=\"D\u00e9couvrez BINTI, maison de maroquinerie alliant artisanat ancestral et \u00e9l\u00e9gance parisienne. Nos cr\u00e9ations uniques, durables et \u00e9thiques refl\u00e8tent l&#039;authenticit\u00e9 et le savoir-faire de nos artisans, pour une mode responsable c\u00e9l\u00e9brant tradition et modernit\u00e9.\" \/>\n<meta name=\"robots\" content=\"index, follow, max-snippet:-1, max-image-preview:large, max-video-preview:-1\" \/>\n<link rel=\"canonical\" href=\"https:\/\/bintiparis.com\/index.php\/about-us\/\" \/>\n<meta property=\"og:locale\" content=\"fr_FR\" \/>\n<meta property=\"og:type\" content=\"article\" \/>\n<meta property=\"og:title\" content=\"About Us - BINTI\" \/>\n<meta property=\"og:description\" content=\"D\u00e9couvrez BINTI, maison de maroquinerie alliant artisanat ancestral et \u00e9l\u00e9gance parisienne. Nos cr\u00e9ations uniques, durables et \u00e9thiques refl\u00e8tent l&#039;authenticit\u00e9 et le savoir-faire de nos artisans, pour une mode responsable c\u00e9l\u00e9brant tradition et modernit\u00e9.\" \/>\n<meta property=\"og:url\" content=\"https:\/\/bintiparis.com\/index.php\/about-us\/\" \/>\n<meta property=\"og:site_name\" content=\"BINTI\" \/>\n<meta property=\"article:publisher\" content=\"https:\/\/www.facebook.com\/people\/Binti-Paris\/61560172855972\/\" \/>\n<meta property=\"article:modified_time\" content=\"2025-07-16T11:42:20+00:00\" \/>\n<meta property=\"og:image\" content=\"https:\/\/bintiparis.com\/wp-content\/uploads\/2024\/06\/DSC09556.jpg\" \/>\n\t<meta property=\"og:image:width\" content=\"1\" \/>\n\t<meta property=\"og:image:height\" content=\"1\" \/>\n\t<meta property=\"og:image:type\" content=\"image\/jpeg\" \/>\n<meta name=\"twitter:card\" content=\"summary_large_image\" \/>\n<meta name=\"twitter:label1\" content=\"Dur\u00e9e de lecture estim\u00e9e\" \/>\n\t<meta name=\"twitter:data1\" content=\"2 minutes\" \/>\n<script type=\"application\/ld+json\" class=\"yoast-schema-graph\">{\"@context\":\"https:\\\/\\\/schema.org\",\"@graph\":[{\"@type\":\"WebPage\",\"@id\":\"https:\\\/\\\/bintiparis.com\\\/index.php\\\/about-us\\\/\",\"url\":\"https:\\\/\\\/bintiparis.com\\\/index.php\\\/about-us\\\/\",\"name\":\"About Us - BINTI\",\"isPartOf\":{\"@id\":\"https:\\\/\\\/bintiparis.com\\\/#website\"},\"primaryImageOfPage\":{\"@id\":\"https:\\\/\\\/bintiparis.com\\\/index.php\\\/about-us\\\/#primaryimage\"},\"image\":{\"@id\":\"https:\\\/\\\/bintiparis.com\\\/index.php\\\/about-us\\\/#primaryimage\"},\"thumbnailUrl\":\"https:\\\/\\\/bintiparis.com\\\/wp-content\\\/uploads\\\/2024\\\/06\\\/DSC09556.jpg\",\"datePublished\":\"2023-12-12T09:35:12+00:00\",\"dateModified\":\"2025-07-16T11:42:20+00:00\",\"description\":\"D\u00e9couvrez BINTI, maison de maroquinerie alliant artisanat ancestral et \u00e9l\u00e9gance parisienne. Nos cr\u00e9ations uniques, durables et \u00e9thiques refl\u00e8tent l'authenticit\u00e9 et le savoir-faire de nos artisans, pour une mode responsable c\u00e9l\u00e9brant tradition et modernit\u00e9.\",\"breadcrumb\":{\"@id\":\"https:\\\/\\\/bintiparis.com\\\/index.php\\\/about-us\\\/#breadcrumb\"},\"inLanguage\":\"fr-FR\",\"potentialAction\":[{\"@type\":\"ReadAction\",\"target\":[\"https:\\\/\\\/bintiparis.com\\\/index.php\\\/about-us\\\/\"]}]},{\"@type\":\"ImageObject\",\"inLanguage\":\"fr-FR\",\"@id\":\"https:\\\/\\\/bintiparis.com\\\/index.php\\\/about-us\\\/#primaryimage\",\"url\":\"https:\\\/\\\/bintiparis.com\\\/wp-content\\\/uploads\\\/2024\\\/06\\\/DSC09556.jpg\",\"contentUrl\":\"https:\\\/\\\/bintiparis.com\\\/wp-content\\\/uploads\\\/2024\\\/06\\\/DSC09556.jpg\",\"caption\":\"Simone Noir\"},{\"@type\":\"BreadcrumbList\",\"@id\":\"https:\\\/\\\/bintiparis.com\\\/index.php\\\/about-us\\\/#breadcrumb\",\"itemListElement\":[{\"@type\":\"ListItem\",\"position\":1,\"name\":\"Accueil\",\"item\":\"https:\\\/\\\/bintiparis.com\\\/\"},{\"@type\":\"ListItem\",\"position\":2,\"name\":\"About Us\"}]},{\"@type\":\"WebSite\",\"@id\":\"https:\\\/\\\/bintiparis.com\\\/#website\",\"url\":\"https:\\\/\\\/bintiparis.com\\\/\",\"name\":\"BINTI\",\"description\":\"Maison de Maroquinerie Haut de Gamme Engag\u00e9e\",\"publisher\":{\"@id\":\"https:\\\/\\\/bintiparis.com\\\/#organization\"},\"potentialAction\":[{\"@type\":\"SearchAction\",\"target\":{\"@type\":\"EntryPoint\",\"urlTemplate\":\"https:\\\/\\\/bintiparis.com\\\/?s={search_term_string}\"},\"query-input\":{\"@type\":\"PropertyValueSpecification\",\"valueRequired\":true,\"valueName\":\"search_term_string\"}}],\"inLanguage\":\"fr-FR\"},{\"@type\":\"Organization\",\"@id\":\"https:\\\/\\\/bintiparis.com\\\/#organization\",\"name\":\"BINTI\",\"url\":\"https:\\\/\\\/bintiparis.com\\\/\",\"logo\":{\"@type\":\"ImageObject\",\"inLanguage\":\"fr-FR\",\"@id\":\"https:\\\/\\\/bintiparis.com\\\/#\\\/schema\\\/logo\\\/image\\\/\",\"url\":\"https:\\\/\\\/bintiparis.com\\\/wp-content\\\/uploads\\\/2024\\\/09\\\/BINTI-Def-vectoriel-fond-transparent.png\",\"contentUrl\":\"https:\\\/\\\/bintiparis.com\\\/wp-content\\\/uploads\\\/2024\\\/09\\\/BINTI-Def-vectoriel-fond-transparent.png\",\"width\":4133,\"height\":6327,\"caption\":\"BINTI\"},\"image\":{\"@id\":\"https:\\\/\\\/bintiparis.com\\\/#\\\/schema\\\/logo\\\/image\\\/\"},\"sameAs\":[\"https:\\\/\\\/www.facebook.com\\\/people\\\/Binti-Paris\\\/61560172855972\\\/\",\"https:\\\/\\\/www.instagram.com\\\/binti.paris\\\/\",\"https:\\\/\\\/www.tiktok.com\\\/@binti.paris\"]}]}<\/script>\n<!-- \/ Yoast SEO plugin. -->","yoast_head_json":{"title":"About Us - BINTI","description":"D\u00e9couvrez BINTI, maison de maroquinerie alliant artisanat ancestral et \u00e9l\u00e9gance parisienne. Nos cr\u00e9ations uniques, durables et \u00e9thiques refl\u00e8tent l'authenticit\u00e9 et le savoir-faire de nos artisans, pour une mode responsable c\u00e9l\u00e9brant tradition et modernit\u00e9.","robots":{"index":"index","follow":"follow","max-snippet":"max-snippet:-1","max-image-preview":"max-image-preview:large","max-video-preview":"max-video-preview:-1"},"canonical":"https:\/\/bintiparis.com\/index.php\/about-us\/","og_locale":"fr_FR","og_type":"article","og_title":"About Us - BINTI","og_description":"D\u00e9couvrez BINTI, maison de maroquinerie alliant artisanat ancestral et \u00e9l\u00e9gance parisienne. Nos cr\u00e9ations uniques, durables et \u00e9thiques refl\u00e8tent l'authenticit\u00e9 et le savoir-faire de nos artisans, pour une mode responsable c\u00e9l\u00e9brant tradition et modernit\u00e9.","og_url":"https:\/\/bintiparis.com\/index.php\/about-us\/","og_site_name":"BINTI","article_publisher":"https:\/\/www.facebook.com\/people\/Binti-Paris\/61560172855972\/","article_modified_time":"2025-07-16T11:42:20+00:00","og_image":[{"url":"https:\/\/bintiparis.com\/wp-content\/uploads\/2024\/06\/DSC09556.jpg","width":1,"height":1,"type":"image\/jpeg"}],"twitter_card":"summary_large_image","twitter_misc":{"Dur\u00e9e de lecture estim\u00e9e":"2 minutes"},"schema":{"@context":"https:\/\/schema.org","@graph":[{"@type":"WebPage","@id":"https:\/\/bintiparis.com\/index.php\/about-us\/","url":"https:\/\/bintiparis.com\/index.php\/about-us\/","name":"About Us - BINTI","isPartOf":{"@id":"https:\/\/bintiparis.com\/#website"},"primaryImageOfPage":{"@id":"https:\/\/bintiparis.com\/index.php\/about-us\/#primaryimage"},"image":{"@id":"https:\/\/bintiparis.com\/index.php\/about-us\/#primaryimage"},"thumbnailUrl":"https:\/\/bintiparis.com\/wp-content\/uploads\/2024\/06\/DSC09556.jpg","datePublished":"2023-12-12T09:35:12+00:00","dateModified":"2025-07-16T11:42:20+00:00","description":"D\u00e9couvrez BINTI, maison de maroquinerie alliant artisanat ancestral et \u00e9l\u00e9gance parisienne. Nos cr\u00e9ations uniques, durables et \u00e9thiques refl\u00e8tent l'authenticit\u00e9 et le savoir-faire de nos artisans, pour une mode responsable c\u00e9l\u00e9brant tradition et modernit\u00e9.","breadcrumb":{"@id":"https:\/\/bintiparis.com\/index.php\/about-us\/#breadcrumb"},"inLanguage":"fr-FR","potentialAction":[{"@type":"ReadAction","target":["https:\/\/bintiparis.com\/index.php\/about-us\/"]}]},{"@type":"ImageObject","inLanguage":"fr-FR","@id":"https:\/\/bintiparis.com\/index.php\/about-us\/#primaryimage","url":"https:\/\/bintiparis.com\/wp-content\/uploads\/2024\/06\/DSC09556.jpg","contentUrl":"https:\/\/bintiparis.com\/wp-content\/uploads\/2024\/06\/DSC09556.jpg","caption":"Simone Noir"},{"@type":"BreadcrumbList","@id":"https:\/\/bintiparis.com\/index.php\/about-us\/#breadcrumb","itemListElement":[{"@type":"ListItem","position":1,"name":"Accueil","item":"https:\/\/bintiparis.com\/"},{"@type":"ListItem","position":2,"name":"About Us"}]},{"@type":"WebSite","@id":"https:\/\/bintiparis.com\/#website","url":"https:\/\/bintiparis.com\/","name":"BINTI","description":"Maison de Maroquinerie Haut de Gamme Engag\u00e9e","publisher":{"@id":"https:\/\/bintiparis.com\/#organization"},"potentialAction":[{"@type":"SearchAction","target":{"@type":"EntryPoint","urlTemplate":"https:\/\/bintiparis.com\/?s={search_term_string}"},"query-input":{"@type":"PropertyValueSpecification","valueRequired":true,"valueName":"search_term_string"}}],"inLanguage":"fr-FR"},{"@type":"Organization","@id":"https:\/\/bintiparis.com\/#organization","name":"BINTI","url":"https:\/\/bintiparis.com\/","logo":{"@type":"ImageObject","inLanguage":"fr-FR","@id":"https:\/\/bintiparis.com\/#\/schema\/logo\/image\/","url":"https:\/\/bintiparis.com\/wp-content\/uploads\/2024\/09\/BINTI-Def-vectoriel-fond-transparent.png","contentUrl":"https:\/\/bintiparis.com\/wp-content\/uploads\/2024\/09\/BINTI-Def-vectoriel-fond-transparent.png","width":4133,"height":6327,"caption":"BINTI"},"image":{"@id":"https:\/\/bintiparis.com\/#\/schema\/logo\/image\/"},"sameAs":["https:\/\/www.facebook.com\/people\/Binti-Paris\/61560172855972\/","https:\/\/www.instagram.com\/binti.paris\/","https:\/\/www.tiktok.com\/@binti.paris"]}]}},"jetpack_sharing_enabled":true,"_links":{"self":[{"href":"https:\/\/bintiparis.com\/index.php\/wp-json\/wp\/v2\/pages\/1528","targetHints":{"allow":["GET"]}}],"collection":[{"href":"https:\/\/bintiparis.com\/index.php\/wp-json\/wp\/v2\/pages"}],"about":[{"href":"https:\/\/bintiparis.com\/index.php\/wp-json\/wp\/v2\/types\/page"}],"author":[{"embeddable":true,"href":"https:\/\/bintiparis.com\/index.php\/wp-json\/wp\/v2\/users\/1"}],"replies":[{"embeddable":true,"href":"https:\/\/bintiparis.com\/index.php\/wp-json\/wp\/v2\/comments?post=1528"}],"version-history":[{"count":126,"href":"https:\/\/bintiparis.com\/index.php\/wp-json\/wp\/v2\/pages\/1528\/revisions"}],"predecessor-version":[{"id":12509,"href":"https:\/\/bintiparis.com\/index.php\/wp-json\/wp\/v2\/pages\/1528\/revisions\/12509"}],"wp:attachment":[{"href":"https:\/\/bintiparis.com\/index.php\/wp-json\/wp\/v2\/media?parent=1528"}],"curies":[{"name":"wp","href":"https:\/\/api.w.org\/{rel}","templated":true}]}}