{"id":12120,"date":"2024-06-22T17:36:42","date_gmt":"2024-06-22T15:36:42","guid":{"rendered":"https:\/\/bintiparis.com\/?page_id=12120"},"modified":"2025-07-16T14:04:30","modified_gmt":"2025-07-16T12:04:30","slug":"personalisation","status":"publish","type":"page","link":"https:\/\/bintiparis.com\/index.php\/personalisation\/","title":{"rendered":"PERSONNALISATION"},"content":{"rendered":"\t\t<div data-elementor-type=\"wp-page\" data-elementor-id=\"12120\" class=\"elementor elementor-12120\">\n\t\t\t\t<div class=\"elementor-element elementor-element-3b75730 e-flex e-con-boxed e-con e-parent\" data-id=\"3b75730\" data-element_type=\"container\" data-e-type=\"container\">\n\t\t\t\t\t<div class=\"e-con-inner\">\n\t\t<div class=\"elementor-element elementor-element-1dc5b7f e-con-full e-flex elementor-invisible e-con e-child\" data-id=\"1dc5b7f\" data-element_type=\"container\" data-e-type=\"container\" data-settings=\"{&quot;animation&quot;:&quot;fadeIn&quot;}\">\n\t\t\t\t<div class=\"elementor-element elementor-element-416f1e8 elementor-widget elementor-widget-heading\" data-id=\"416f1e8\" data-element_type=\"widget\" data-e-type=\"widget\" data-widget_type=\"heading.default\">\n\t\t\t\t<div class=\"elementor-widget-container\">\n\t\t\t\t\t<h1 class=\"elementor-heading-title elementor-size-default\">personnalisation<\/h1>\t\t\t\t<\/div>\n\t\t\t\t<\/div>\n\t\t\t\t<div class=\"elementor-element elementor-element-41b4b83 elementor-widget elementor-widget-heading\" data-id=\"41b4b83\" data-element_type=\"widget\" data-e-type=\"widget\" data-widget_type=\"heading.default\">\n\t\t\t\t<div class=\"elementor-widget-container\">\n\t\t\t\t\t<h2 class=\"elementor-heading-title elementor-size-default\">Personnalisez Votre Sac BINTI \u00e0 Votre Go\u00fbt<\/h2>\t\t\t\t<\/div>\n\t\t\t\t<\/div>\n\t\t\t\t<\/div>\n\t\t\t\t\t<\/div>\n\t\t\t\t<\/div>\n\t\t<div class=\"elementor-element elementor-element-d216ecd e-flex e-con-boxed e-con e-parent\" data-id=\"d216ecd\" data-element_type=\"container\" data-e-type=\"container\">\n\t\t\t\t\t<div class=\"e-con-inner\">\n\t\t<div class=\"elementor-element elementor-element-96d3baa e-con-full e-flex e-con e-child\" data-id=\"96d3baa\" data-element_type=\"container\" data-e-type=\"container\" data-settings=\"{&quot;background_background&quot;:&quot;classic&quot;}\">\n\t\t<div class=\"elementor-element elementor-element-6a1f149 e-con-full e-flex e-con e-child\" data-id=\"6a1f149\" data-element_type=\"container\" data-e-type=\"container\">\n\t\t\t\t<div class=\"elementor-element elementor-element-16b5d1c elementor-widget elementor-widget-heading\" data-id=\"16b5d1c\" data-element_type=\"widget\" data-e-type=\"widget\" data-widget_type=\"heading.default\">\n\t\t\t\t<div class=\"elementor-widget-container\">\n\t\t\t\t\t<span class=\"elementor-heading-title elementor-size-default\">ROSA<\/span>\t\t\t\t<\/div>\n\t\t\t\t<\/div>\n\t\t\t\t<div class=\"elementor-element elementor-element-d2ffa55 elementor-widget elementor-widget-heading\" data-id=\"d2ffa55\" data-element_type=\"widget\" data-e-type=\"widget\" data-widget_type=\"heading.default\">\n\t\t\t\t<div class=\"elementor-widget-container\">\n\t\t\t\t\t<span class=\"elementor-heading-title elementor-size-default\">Libert\u00e9 et Personnalit\u00e9<\/span>\t\t\t\t<\/div>\n\t\t\t\t<\/div>\n\t\t\t\t<div class=\"elementor-element elementor-element-ae37f2a elementor-widget elementor-widget-text-editor\" data-id=\"ae37f2a\" data-element_type=\"widget\" data-e-type=\"widget\" data-widget_type=\"text-editor.default\">\n\t\t\t\t<div class=\"elementor-widget-container\">\n\t\t\t\t\t\t\t\t\t<p>Avec sa forme architecturale, le Simone s&rsquo;inspire des constructions moucharabieh et associe \u00e0 la noblesse du cuir un travail de bijouterie de sac soign\u00e9 avec sa fibule signature modifiable grav\u00e9e BINTI et incrustations de soie v\u00e9ritable<\/p>\t\t\t\t\t\t\t\t<\/div>\n\t\t\t\t<\/div>\n\t\t\t\t<div class=\"elementor-element elementor-element-8fa383e elementor-widget elementor-widget-ettore_core_button\" data-id=\"8fa383e\" data-element_type=\"widget\" data-e-type=\"widget\" data-widget_type=\"ettore_core_button.default\">\n\t\t\t\t<div class=\"elementor-widget-container\">\n\t\t\t\t\t<a class=\"qodef-shortcode qodef-m  qodef-button qodef-layout--outlined qodef-size--small qodef-html--link\" href=\"https:\/\/bintiparis.com\/index.php\/product\/mon-rosa\/\" target=\"_self\" >\n\t<span class=\"qodef-m-text\">Personnaliser<\/span>\n<\/a>\n\t\t\t\t<\/div>\n\t\t\t\t<\/div>\n\t\t\t\t<\/div>\n\t\t\t\t<\/div>\n\t\t<div class=\"elementor-element elementor-element-9a9e5f6 e-con-full e-flex e-con e-child\" data-id=\"9a9e5f6\" data-element_type=\"container\" data-e-type=\"container\">\n\t\t\t\t<div class=\"elementor-element elementor-element-bdb0dff elementor-widget elementor-widget-qi_addons_for_elementor_before_after\" data-id=\"bdb0dff\" data-element_type=\"widget\" data-e-type=\"widget\" data-widget_type=\"qi_addons_for_elementor_before_after.default\">\n\t\t\t\t<div class=\"elementor-widget-container\">\n\t\t\t\t\t<div class=\"qodef-shortcode qodef-m qodef-qi-before-after qodef--horizontal\">\n\t<div class=\"qodef-before-after-image-holder qodef-m-image\" data-offset=\"50\">\n\t\t<img fetchpriority=\"high\" decoding=\"async\" width=\"1953\" height=\"1896\" src=\"https:\/\/bintiparis.com\/wp-content\/uploads\/2024\/05\/BROWN-DORE1.jpg\" class=\"attachment-full size-full\" alt=\"Rosa Camel\" srcset=\"https:\/\/bintiparis.com\/wp-content\/uploads\/2024\/05\/BROWN-DORE1.jpg 1953w, https:\/\/bintiparis.com\/wp-content\/uploads\/2024\/05\/BROWN-DORE1-300x291.jpg 300w, https:\/\/bintiparis.com\/wp-content\/uploads\/2024\/05\/BROWN-DORE1-1024x994.jpg 1024w, https:\/\/bintiparis.com\/wp-content\/uploads\/2024\/05\/BROWN-DORE1-768x746.jpg 768w, https:\/\/bintiparis.com\/wp-content\/uploads\/2024\/05\/BROWN-DORE1-1536x1491.jpg 1536w, https:\/\/bintiparis.com\/wp-content\/uploads\/2024\/05\/BROWN-DORE1-1320x1281.jpg 1320w, https:\/\/bintiparis.com\/wp-content\/uploads\/2024\/05\/BROWN-DORE1-600x582.jpg 600w\" sizes=\"(max-width: 1953px) 100vw, 1953px\" \/><img decoding=\"async\" width=\"1953\" height=\"1896\" src=\"https:\/\/bintiparis.com\/wp-content\/uploads\/2024\/05\/ROSA-Noir.jpg\" class=\"attachment-full size-full\" alt=\"\" srcset=\"https:\/\/bintiparis.com\/wp-content\/uploads\/2024\/05\/ROSA-Noir.jpg 1953w, https:\/\/bintiparis.com\/wp-content\/uploads\/2024\/05\/ROSA-Noir-300x291.jpg 300w, https:\/\/bintiparis.com\/wp-content\/uploads\/2024\/05\/ROSA-Noir-1024x994.jpg 1024w, https:\/\/bintiparis.com\/wp-content\/uploads\/2024\/05\/ROSA-Noir-768x746.jpg 768w, https:\/\/bintiparis.com\/wp-content\/uploads\/2024\/05\/ROSA-Noir-1536x1491.jpg 1536w, https:\/\/bintiparis.com\/wp-content\/uploads\/2024\/05\/ROSA-Noir-1320x1281.jpg 1320w, https:\/\/bintiparis.com\/wp-content\/uploads\/2024\/05\/ROSA-Noir-600x582.jpg 600w\" sizes=\"(max-width: 1953px) 100vw, 1953px\" \/>\t<\/div>\n\t\t\t<div class=\"qodef-handle-text\">\n\t\t\tGlisser\t\t<\/div>\n\t<\/div>\n\t\t\t\t<\/div>\n\t\t\t\t<\/div>\n\t\t\t\t<\/div>\n\t\t\t\t\t<\/div>\n\t\t\t\t<\/div>\n\t\t<div class=\"elementor-element elementor-element-2a4c9bd e-flex e-con-boxed e-con e-parent\" data-id=\"2a4c9bd\" data-element_type=\"container\" data-e-type=\"container\">\n\t\t\t\t\t<div class=\"e-con-inner\">\n\t\t<div class=\"elementor-element elementor-element-1bd859a e-con-full e-flex e-con e-child\" data-id=\"1bd859a\" data-element_type=\"container\" data-e-type=\"container\" data-settings=\"{&quot;background_background&quot;:&quot;classic&quot;}\">\n\t\t\t\t<div class=\"elementor-element elementor-element-e2e6204 elementor-widget elementor-widget-qi_addons_for_elementor_before_after\" data-id=\"e2e6204\" data-element_type=\"widget\" data-e-type=\"widget\" data-widget_type=\"qi_addons_for_elementor_before_after.default\">\n\t\t\t\t<div class=\"elementor-widget-container\">\n\t\t\t\t\t<div class=\"qodef-shortcode qodef-m qodef-qi-before-after qodef--horizontal\">\n\t<div class=\"qodef-before-after-image-holder qodef-m-image\" data-offset=\"50\">\n\t\t<img decoding=\"async\" width=\"1953\" height=\"1896\" src=\"https:\/\/bintiparis.com\/wp-content\/uploads\/2024\/05\/IMG_684j7-b.jpg\" class=\"attachment-full size-full\" alt=\"Simone Rose\" srcset=\"https:\/\/bintiparis.com\/wp-content\/uploads\/2024\/05\/IMG_684j7-b.jpg 1953w, https:\/\/bintiparis.com\/wp-content\/uploads\/2024\/05\/IMG_684j7-b-300x291.jpg 300w, https:\/\/bintiparis.com\/wp-content\/uploads\/2024\/05\/IMG_684j7-b-1024x994.jpg 1024w, https:\/\/bintiparis.com\/wp-content\/uploads\/2024\/05\/IMG_684j7-b-768x746.jpg 768w, https:\/\/bintiparis.com\/wp-content\/uploads\/2024\/05\/IMG_684j7-b-1536x1491.jpg 1536w, https:\/\/bintiparis.com\/wp-content\/uploads\/2024\/05\/IMG_684j7-b-1320x1281.jpg 1320w, https:\/\/bintiparis.com\/wp-content\/uploads\/2024\/05\/IMG_684j7-b-600x582.jpg 600w\" sizes=\"(max-width: 1953px) 100vw, 1953px\" \/><img loading=\"lazy\" decoding=\"async\" width=\"1953\" height=\"1896\" src=\"https:\/\/bintiparis.com\/wp-content\/uploads\/2024\/05\/IMG_6847-b.jpg\" class=\"attachment-full size-full\" alt=\"Simone Camel\" srcset=\"https:\/\/bintiparis.com\/wp-content\/uploads\/2024\/05\/IMG_6847-b.jpg 1953w, https:\/\/bintiparis.com\/wp-content\/uploads\/2024\/05\/IMG_6847-b-300x291.jpg 300w, https:\/\/bintiparis.com\/wp-content\/uploads\/2024\/05\/IMG_6847-b-1024x994.jpg 1024w, https:\/\/bintiparis.com\/wp-content\/uploads\/2024\/05\/IMG_6847-b-768x746.jpg 768w, https:\/\/bintiparis.com\/wp-content\/uploads\/2024\/05\/IMG_6847-b-1536x1491.jpg 1536w, https:\/\/bintiparis.com\/wp-content\/uploads\/2024\/05\/IMG_6847-b-1320x1281.jpg 1320w, https:\/\/bintiparis.com\/wp-content\/uploads\/2024\/05\/IMG_6847-b-600x582.jpg 600w\" sizes=\"(max-width: 1953px) 100vw, 1953px\" \/>\t<\/div>\n\t\t\t<div class=\"qodef-handle-text\">\n\t\t\tGlisser\t\t<\/div>\n\t<\/div>\n\t\t\t\t<\/div>\n\t\t\t\t<\/div>\n\t\t\t\t<\/div>\n\t\t<div class=\"elementor-element elementor-element-715f568 e-con-full e-flex e-con e-child\" data-id=\"715f568\" data-element_type=\"container\" data-e-type=\"container\">\n\t\t<div class=\"elementor-element elementor-element-d678100 e-con-full e-flex e-con e-child\" data-id=\"d678100\" data-element_type=\"container\" data-e-type=\"container\">\n\t\t\t\t<div class=\"elementor-element elementor-element-fc82b1e elementor-widget elementor-widget-heading\" data-id=\"fc82b1e\" data-element_type=\"widget\" data-e-type=\"widget\" data-widget_type=\"heading.default\">\n\t\t\t\t<div class=\"elementor-widget-container\">\n\t\t\t\t\t<span class=\"elementor-heading-title elementor-size-default\">SIMONE<\/span>\t\t\t\t<\/div>\n\t\t\t\t<\/div>\n\t\t\t\t<div class=\"elementor-element elementor-element-50764af elementor-widget elementor-widget-heading\" data-id=\"50764af\" data-element_type=\"widget\" data-e-type=\"widget\" data-widget_type=\"heading.default\">\n\t\t\t\t<div class=\"elementor-widget-container\">\n\t\t\t\t\t<span class=\"elementor-heading-title elementor-size-default\">\u00c9l\u00e9gance et Artisanat<\/span>\t\t\t\t<\/div>\n\t\t\t\t<\/div>\n\t\t\t\t<div class=\"elementor-element elementor-element-545363f elementor-widget elementor-widget-text-editor\" data-id=\"545363f\" data-element_type=\"widget\" data-e-type=\"widget\" data-widget_type=\"text-editor.default\">\n\t\t\t\t<div class=\"elementor-widget-container\">\n\t\t\t\t\t\t\t\t\t<p>Sac seau avec une ouverture coquelicot arborant les couleurs vives de la soie v\u00e9ritable rehauss\u00e9 par un bijou de sac signature grav\u00e9 BINTI ajustable et modifiable selon l&rsquo;humeur et la tenue du jour<\/p>\t\t\t\t\t\t\t\t<\/div>\n\t\t\t\t<\/div>\n\t\t\t\t<div class=\"elementor-element elementor-element-a9bdf75 elementor-widget elementor-widget-ettore_core_button\" data-id=\"a9bdf75\" data-element_type=\"widget\" data-e-type=\"widget\" data-widget_type=\"ettore_core_button.default\">\n\t\t\t\t<div class=\"elementor-widget-container\">\n\t\t\t\t\t<a class=\"qodef-shortcode qodef-m  qodef-button qodef-layout--outlined qodef-size--small qodef-html--link\" href=\"https:\/\/bintiparis.com\/index.php\/product\/mon-simone\/\" target=\"_self\" >\n\t<span class=\"qodef-m-text\">Personnaliser<\/span>\n<\/a>\n\t\t\t\t<\/div>\n\t\t\t\t<\/div>\n\t\t\t\t<\/div>\n\t\t\t\t<\/div>\n\t\t\t\t\t<\/div>\n\t\t\t\t<\/div>\n\t\t\t\t<\/div>\n\t\t","protected":false},"excerpt":{"rendered":"<p>personnalisation Personnalisez Votre Sac BINTI \u00e0 Votre Go\u00fbt ROSA Libert\u00e9 et Personnalit\u00e9 Avec sa forme architecturale, le Simone s&rsquo;inspire des constructions moucharabieh et associe \u00e0 la noblesse du cuir un travail de bijouterie de sac soign\u00e9 avec sa fibule signature modifiable grav\u00e9e BINTI et incrustations de soie v\u00e9ritable Personnaliser Glisser Glisser SIMONE \u00c9l\u00e9gance et Artisanat [&hellip;]<\/p>\n","protected":false},"author":1,"featured_media":0,"parent":0,"menu_order":0,"comment_status":"closed","ping_status":"closed","template":"","meta":{"footnotes":""},"class_list":["post-12120","page","type-page","status-publish","hentry"],"yoast_head":"<!-- This site is optimized with the Yoast SEO plugin v27.4 - https:\/\/yoast.com\/product\/yoast-seo-wordpress\/ -->\n<title>PERSONNALISATION - BINTI<\/title>\n<meta name=\"description\" content=\"D\u00e9couvrez BINTI, maison de maroquinerie alliant artisanat ancestral et \u00e9l\u00e9gance parisienne. Nos cr\u00e9ations uniques, durables et \u00e9thiques refl\u00e8tent l&#039;authenticit\u00e9 et le savoir-faire de nos artisans, pour une mode responsable c\u00e9l\u00e9brant tradition et modernit\u00e9.\" \/>\n<meta name=\"robots\" content=\"index, follow, max-snippet:-1, max-image-preview:large, max-video-preview:-1\" \/>\n<link rel=\"canonical\" href=\"https:\/\/bintiparis.com\/index.php\/personalisation\/\" \/>\n<meta property=\"og:locale\" content=\"fr_FR\" \/>\n<meta property=\"og:type\" content=\"article\" \/>\n<meta property=\"og:title\" content=\"PERSONNALISATION - BINTI\" \/>\n<meta property=\"og:description\" content=\"D\u00e9couvrez BINTI, maison de maroquinerie alliant artisanat ancestral et \u00e9l\u00e9gance parisienne. Nos cr\u00e9ations uniques, durables et \u00e9thiques refl\u00e8tent l&#039;authenticit\u00e9 et le savoir-faire de nos artisans, pour une mode responsable c\u00e9l\u00e9brant tradition et modernit\u00e9.\" \/>\n<meta property=\"og:url\" content=\"https:\/\/bintiparis.com\/index.php\/personalisation\/\" \/>\n<meta property=\"og:site_name\" content=\"BINTI\" \/>\n<meta property=\"article:publisher\" content=\"https:\/\/www.facebook.com\/people\/Binti-Paris\/61560172855972\/\" \/>\n<meta property=\"article:modified_time\" content=\"2025-07-16T12:04:30+00:00\" \/>\n<meta property=\"og:image\" content=\"https:\/\/bintiparis.com\/wp-content\/uploads\/2024\/05\/BROWN-DORE1.jpg\" \/>\n<meta name=\"twitter:card\" content=\"summary_large_image\" \/>\n<meta name=\"twitter:label1\" content=\"Dur\u00e9e de lecture estim\u00e9e\" \/>\n\t<meta name=\"twitter:data1\" content=\"2 minutes\" \/>\n<script type=\"application\/ld+json\" class=\"yoast-schema-graph\">{\"@context\":\"https:\\\/\\\/schema.org\",\"@graph\":[{\"@type\":\"WebPage\",\"@id\":\"https:\\\/\\\/bintiparis.com\\\/index.php\\\/personalisation\\\/\",\"url\":\"https:\\\/\\\/bintiparis.com\\\/index.php\\\/personalisation\\\/\",\"name\":\"PERSONNALISATION - BINTI\",\"isPartOf\":{\"@id\":\"https:\\\/\\\/bintiparis.com\\\/#website\"},\"primaryImageOfPage\":{\"@id\":\"https:\\\/\\\/bintiparis.com\\\/index.php\\\/personalisation\\\/#primaryimage\"},\"image\":{\"@id\":\"https:\\\/\\\/bintiparis.com\\\/index.php\\\/personalisation\\\/#primaryimage\"},\"thumbnailUrl\":\"https:\\\/\\\/bintiparis.com\\\/wp-content\\\/uploads\\\/2024\\\/05\\\/BROWN-DORE1.jpg\",\"datePublished\":\"2024-06-22T15:36:42+00:00\",\"dateModified\":\"2025-07-16T12:04:30+00:00\",\"description\":\"D\u00e9couvrez BINTI, maison de maroquinerie alliant artisanat ancestral et \u00e9l\u00e9gance parisienne. Nos cr\u00e9ations uniques, durables et \u00e9thiques refl\u00e8tent l'authenticit\u00e9 et le savoir-faire de nos artisans, pour une mode responsable c\u00e9l\u00e9brant tradition et modernit\u00e9.\",\"breadcrumb\":{\"@id\":\"https:\\\/\\\/bintiparis.com\\\/index.php\\\/personalisation\\\/#breadcrumb\"},\"inLanguage\":\"fr-FR\",\"potentialAction\":[{\"@type\":\"ReadAction\",\"target\":[\"https:\\\/\\\/bintiparis.com\\\/index.php\\\/personalisation\\\/\"]}]},{\"@type\":\"ImageObject\",\"inLanguage\":\"fr-FR\",\"@id\":\"https:\\\/\\\/bintiparis.com\\\/index.php\\\/personalisation\\\/#primaryimage\",\"url\":\"https:\\\/\\\/bintiparis.com\\\/wp-content\\\/uploads\\\/2024\\\/05\\\/BROWN-DORE1.jpg\",\"contentUrl\":\"https:\\\/\\\/bintiparis.com\\\/wp-content\\\/uploads\\\/2024\\\/05\\\/BROWN-DORE1.jpg\",\"width\":1953,\"height\":1896,\"caption\":\"Rosa Camel\"},{\"@type\":\"BreadcrumbList\",\"@id\":\"https:\\\/\\\/bintiparis.com\\\/index.php\\\/personalisation\\\/#breadcrumb\",\"itemListElement\":[{\"@type\":\"ListItem\",\"position\":1,\"name\":\"Accueil\",\"item\":\"https:\\\/\\\/bintiparis.com\\\/\"},{\"@type\":\"ListItem\",\"position\":2,\"name\":\"PERSONNALISATION\"}]},{\"@type\":\"WebSite\",\"@id\":\"https:\\\/\\\/bintiparis.com\\\/#website\",\"url\":\"https:\\\/\\\/bintiparis.com\\\/\",\"name\":\"BINTI\",\"description\":\"Maison de Maroquinerie Haut de Gamme Engag\u00e9e\",\"publisher\":{\"@id\":\"https:\\\/\\\/bintiparis.com\\\/#organization\"},\"potentialAction\":[{\"@type\":\"SearchAction\",\"target\":{\"@type\":\"EntryPoint\",\"urlTemplate\":\"https:\\\/\\\/bintiparis.com\\\/?s={search_term_string}\"},\"query-input\":{\"@type\":\"PropertyValueSpecification\",\"valueRequired\":true,\"valueName\":\"search_term_string\"}}],\"inLanguage\":\"fr-FR\"},{\"@type\":\"Organization\",\"@id\":\"https:\\\/\\\/bintiparis.com\\\/#organization\",\"name\":\"BINTI\",\"url\":\"https:\\\/\\\/bintiparis.com\\\/\",\"logo\":{\"@type\":\"ImageObject\",\"inLanguage\":\"fr-FR\",\"@id\":\"https:\\\/\\\/bintiparis.com\\\/#\\\/schema\\\/logo\\\/image\\\/\",\"url\":\"https:\\\/\\\/bintiparis.com\\\/wp-content\\\/uploads\\\/2024\\\/09\\\/BINTI-Def-vectoriel-fond-transparent.png\",\"contentUrl\":\"https:\\\/\\\/bintiparis.com\\\/wp-content\\\/uploads\\\/2024\\\/09\\\/BINTI-Def-vectoriel-fond-transparent.png\",\"width\":4133,\"height\":6327,\"caption\":\"BINTI\"},\"image\":{\"@id\":\"https:\\\/\\\/bintiparis.com\\\/#\\\/schema\\\/logo\\\/image\\\/\"},\"sameAs\":[\"https:\\\/\\\/www.facebook.com\\\/people\\\/Binti-Paris\\\/61560172855972\\\/\",\"https:\\\/\\\/www.instagram.com\\\/binti.paris\\\/\",\"https:\\\/\\\/www.tiktok.com\\\/@binti.paris\"]}]}<\/script>\n<!-- \/ Yoast SEO plugin. -->","yoast_head_json":{"title":"PERSONNALISATION - BINTI","description":"D\u00e9couvrez BINTI, maison de maroquinerie alliant artisanat ancestral et \u00e9l\u00e9gance parisienne. Nos cr\u00e9ations uniques, durables et \u00e9thiques refl\u00e8tent l'authenticit\u00e9 et le savoir-faire de nos artisans, pour une mode responsable c\u00e9l\u00e9brant tradition et modernit\u00e9.","robots":{"index":"index","follow":"follow","max-snippet":"max-snippet:-1","max-image-preview":"max-image-preview:large","max-video-preview":"max-video-preview:-1"},"canonical":"https:\/\/bintiparis.com\/index.php\/personalisation\/","og_locale":"fr_FR","og_type":"article","og_title":"PERSONNALISATION - BINTI","og_description":"D\u00e9couvrez BINTI, maison de maroquinerie alliant artisanat ancestral et \u00e9l\u00e9gance parisienne. Nos cr\u00e9ations uniques, durables et \u00e9thiques refl\u00e8tent l'authenticit\u00e9 et le savoir-faire de nos artisans, pour une mode responsable c\u00e9l\u00e9brant tradition et modernit\u00e9.","og_url":"https:\/\/bintiparis.com\/index.php\/personalisation\/","og_site_name":"BINTI","article_publisher":"https:\/\/www.facebook.com\/people\/Binti-Paris\/61560172855972\/","article_modified_time":"2025-07-16T12:04:30+00:00","og_image":[{"url":"https:\/\/bintiparis.com\/wp-content\/uploads\/2024\/05\/BROWN-DORE1.jpg","type":"","width":"","height":""}],"twitter_card":"summary_large_image","twitter_misc":{"Dur\u00e9e de lecture estim\u00e9e":"2 minutes"},"schema":{"@context":"https:\/\/schema.org","@graph":[{"@type":"WebPage","@id":"https:\/\/bintiparis.com\/index.php\/personalisation\/","url":"https:\/\/bintiparis.com\/index.php\/personalisation\/","name":"PERSONNALISATION - BINTI","isPartOf":{"@id":"https:\/\/bintiparis.com\/#website"},"primaryImageOfPage":{"@id":"https:\/\/bintiparis.com\/index.php\/personalisation\/#primaryimage"},"image":{"@id":"https:\/\/bintiparis.com\/index.php\/personalisation\/#primaryimage"},"thumbnailUrl":"https:\/\/bintiparis.com\/wp-content\/uploads\/2024\/05\/BROWN-DORE1.jpg","datePublished":"2024-06-22T15:36:42+00:00","dateModified":"2025-07-16T12:04:30+00:00","description":"D\u00e9couvrez BINTI, maison de maroquinerie alliant artisanat ancestral et \u00e9l\u00e9gance parisienne. Nos cr\u00e9ations uniques, durables et \u00e9thiques refl\u00e8tent l'authenticit\u00e9 et le savoir-faire de nos artisans, pour une mode responsable c\u00e9l\u00e9brant tradition et modernit\u00e9.","breadcrumb":{"@id":"https:\/\/bintiparis.com\/index.php\/personalisation\/#breadcrumb"},"inLanguage":"fr-FR","potentialAction":[{"@type":"ReadAction","target":["https:\/\/bintiparis.com\/index.php\/personalisation\/"]}]},{"@type":"ImageObject","inLanguage":"fr-FR","@id":"https:\/\/bintiparis.com\/index.php\/personalisation\/#primaryimage","url":"https:\/\/bintiparis.com\/wp-content\/uploads\/2024\/05\/BROWN-DORE1.jpg","contentUrl":"https:\/\/bintiparis.com\/wp-content\/uploads\/2024\/05\/BROWN-DORE1.jpg","width":1953,"height":1896,"caption":"Rosa Camel"},{"@type":"BreadcrumbList","@id":"https:\/\/bintiparis.com\/index.php\/personalisation\/#breadcrumb","itemListElement":[{"@type":"ListItem","position":1,"name":"Accueil","item":"https:\/\/bintiparis.com\/"},{"@type":"ListItem","position":2,"name":"PERSONNALISATION"}]},{"@type":"WebSite","@id":"https:\/\/bintiparis.com\/#website","url":"https:\/\/bintiparis.com\/","name":"BINTI","description":"Maison de Maroquinerie Haut de Gamme Engag\u00e9e","publisher":{"@id":"https:\/\/bintiparis.com\/#organization"},"potentialAction":[{"@type":"SearchAction","target":{"@type":"EntryPoint","urlTemplate":"https:\/\/bintiparis.com\/?s={search_term_string}"},"query-input":{"@type":"PropertyValueSpecification","valueRequired":true,"valueName":"search_term_string"}}],"inLanguage":"fr-FR"},{"@type":"Organization","@id":"https:\/\/bintiparis.com\/#organization","name":"BINTI","url":"https:\/\/bintiparis.com\/","logo":{"@type":"ImageObject","inLanguage":"fr-FR","@id":"https:\/\/bintiparis.com\/#\/schema\/logo\/image\/","url":"https:\/\/bintiparis.com\/wp-content\/uploads\/2024\/09\/BINTI-Def-vectoriel-fond-transparent.png","contentUrl":"https:\/\/bintiparis.com\/wp-content\/uploads\/2024\/09\/BINTI-Def-vectoriel-fond-transparent.png","width":4133,"height":6327,"caption":"BINTI"},"image":{"@id":"https:\/\/bintiparis.com\/#\/schema\/logo\/image\/"},"sameAs":["https:\/\/www.facebook.com\/people\/Binti-Paris\/61560172855972\/","https:\/\/www.instagram.com\/binti.paris\/","https:\/\/www.tiktok.com\/@binti.paris"]}]}},"jetpack_sharing_enabled":true,"_links":{"self":[{"href":"https:\/\/bintiparis.com\/index.php\/wp-json\/wp\/v2\/pages\/12120","targetHints":{"allow":["GET"]}}],"collection":[{"href":"https:\/\/bintiparis.com\/index.php\/wp-json\/wp\/v2\/pages"}],"about":[{"href":"https:\/\/bintiparis.com\/index.php\/wp-json\/wp\/v2\/types\/page"}],"author":[{"embeddable":true,"href":"https:\/\/bintiparis.com\/index.php\/wp-json\/wp\/v2\/users\/1"}],"replies":[{"embeddable":true,"href":"https:\/\/bintiparis.com\/index.php\/wp-json\/wp\/v2\/comments?post=12120"}],"version-history":[{"count":41,"href":"https:\/\/bintiparis.com\/index.php\/wp-json\/wp\/v2\/pages\/12120\/revisions"}],"predecessor-version":[{"id":12541,"href":"https:\/\/bintiparis.com\/index.php\/wp-json\/wp\/v2\/pages\/12120\/revisions\/12541"}],"wp:attachment":[{"href":"https:\/\/bintiparis.com\/index.php\/wp-json\/wp\/v2\/media?parent=12120"}],"curies":[{"name":"wp","href":"https:\/\/api.w.org\/{rel}","templated":true}]}}