{"id":12011,"date":"2024-06-21T21:01:10","date_gmt":"2024-06-21T19:01:10","guid":{"rendered":"https:\/\/bintiparis.com\/?page_id=12011"},"modified":"2025-07-16T13:42:37","modified_gmt":"2025-07-16T11:42:37","slug":"upcycling","status":"publish","type":"page","link":"https:\/\/bintiparis.com\/index.php\/upcycling\/","title":{"rendered":"Upcycling"},"content":{"rendered":"\t\t<div data-elementor-type=\"wp-page\" data-elementor-id=\"12011\" class=\"elementor elementor-12011\">\n\t\t\t\t<div class=\"elementor-element elementor-element-bb95a99 e-flex e-con-boxed elementor-invisible e-con e-parent\" data-id=\"bb95a99\" data-element_type=\"container\" data-e-type=\"container\" data-settings=\"{&quot;animation&quot;:&quot;fadeIn&quot;}\">\n\t\t\t\t\t<div class=\"e-con-inner\">\n\t\t\t\t<div class=\"elementor-element elementor-element-82afed9 elementor-widget elementor-widget-heading\" data-id=\"82afed9\" data-element_type=\"widget\" data-e-type=\"widget\" data-widget_type=\"heading.default\">\n\t\t\t\t<div class=\"elementor-widget-container\">\n\t\t\t\t\t<h1 class=\"elementor-heading-title elementor-size-default\">Prot\u00e9geons notre plan\u00e8te !<\/h1>\t\t\t\t<\/div>\n\t\t\t\t<\/div>\n\t\t\t\t<div class=\"elementor-element elementor-element-b8b051a elementor-widget elementor-widget-heading\" data-id=\"b8b051a\" data-element_type=\"widget\" data-e-type=\"widget\" data-widget_type=\"heading.default\">\n\t\t\t\t<div class=\"elementor-widget-container\">\n\t\t\t\t\t<h2 class=\"elementor-heading-title elementor-size-default\">L'engagement BINTI\ndans le Upcycling\n<\/h2>\t\t\t\t<\/div>\n\t\t\t\t<\/div>\n\t\t\t\t\t<\/div>\n\t\t\t\t<\/div>\n\t\t<div class=\"elementor-element elementor-element-7329a6f e-con-full full-wd e-flex e-con e-parent\" data-id=\"7329a6f\" data-element_type=\"container\" data-e-type=\"container\">\n\t\t\t\t<div class=\"elementor-element elementor-element-3bb1a9c elementor-widget elementor-widget-qi_addons_for_elementor_dual_image_with_content\" data-id=\"3bb1a9c\" data-element_type=\"widget\" data-e-type=\"widget\" data-widget_type=\"qi_addons_for_elementor_dual_image_with_content.default\">\n\t\t\t\t<div class=\"elementor-widget-container\">\n\t\t\t\t\t<div class=\"qodef-shortcode qodef-m qodef-qi-dual-image-with-content qodef--content-left qodef-decoration--italic qodef-link--underline-draw qodef-qi--has-appear\">\n\t<div class=\"qodef-dual-content\">\n\t\t<div class=\"qodef-m-inner-content\">\n\t\t\t\t<h2 class=\"qodef-m-title\">\n\t\tUne Philosophie de l'Upcycling pour R\u00e9inventer les Cuirs Nobles\t<\/h2>\n\t\t\t\t<p class=\"qodef-m-text\">Au-del\u00e0 de la tendance, pour BINTI , l'upcycling est une v\u00e9ritable philosophie notamment en\ns\u00e9lectionnant et en r\u00e9inventant avec soin des cuirs nobles destin\u00e9s \u00e0 l'oubli. Ils sont alors\ntransform\u00e9s en pi\u00e8ces uniques, empreintes d'histoire et de caract\u00e8re.\nLes chutes de cuir sont r\u00e9habilit\u00e9es pour une fabrication respectueuse de l'environnement s'attaquant\nde front au probl\u00e8me du gaspillage. Avec son engagement profond envers une approche plus\ncirculaire et consciente de notre consommation, BINTI d\u00e9montre qu'il est possible de marier\nexcellence cr\u00e9ative et souci environnemental.<\/p>\n\t\t<\/div>\n\t\t<div class=\"qodef-m-inner-bottom\">\n\t\t\t\t\t<\/div>\n\t<\/div>\n\t<div class=\"qodef-image-holder\">\n\t\t<div class=\"qodef-m-main-image\">\n\t<img fetchpriority=\"high\" decoding=\"async\" width=\"740\" height=\"493\" src=\"https:\/\/bintiparis.com\/wp-content\/uploads\/2024\/06\/upcycling.jpg\" class=\"attachment-large size-large\" alt=\"\" srcset=\"https:\/\/bintiparis.com\/wp-content\/uploads\/2024\/06\/upcycling.jpg 740w, https:\/\/bintiparis.com\/wp-content\/uploads\/2024\/06\/upcycling-300x200.jpg 300w, https:\/\/bintiparis.com\/wp-content\/uploads\/2024\/06\/upcycling-600x400.jpg 600w\" sizes=\"(max-width: 740px) 100vw, 740px\" \/><\/div>\n\t\t<div class=\"qodef-m-second-image\">\n\t<\/div>\n\t<\/div>\n<\/div>\n\t\t\t\t<\/div>\n\t\t\t\t<\/div>\n\t\t\t\t<\/div>\n\t\t<div class=\"elementor-element elementor-element-813c8de e-flex e-con-boxed e-con e-parent\" data-id=\"813c8de\" data-element_type=\"container\" data-e-type=\"container\">\n\t\t\t\t\t<div class=\"e-con-inner\">\n\t\t<div class=\"elementor-element elementor-element-40dcc3d e-con-full e-flex e-con e-child\" data-id=\"40dcc3d\" data-element_type=\"container\" data-e-type=\"container\">\n\t\t\t\t<div class=\"elementor-element elementor-element-112e43a elementor-widget elementor-widget-heading\" data-id=\"112e43a\" data-element_type=\"widget\" data-e-type=\"widget\" data-widget_type=\"heading.default\">\n\t\t\t\t<div class=\"elementor-widget-container\">\n\t\t\t\t\t<span class=\"elementor-heading-title elementor-size-default\">Rejoignez la Famille BINTI<\/span>\t\t\t\t<\/div>\n\t\t\t\t<\/div>\n\t\t\t\t<\/div>\n\t\t<div class=\"elementor-element elementor-element-9383178 e-con-full e-flex e-con e-child\" data-id=\"9383178\" data-element_type=\"container\" data-e-type=\"container\">\n\t\t\t\t<div class=\"elementor-element elementor-element-8ebcb01 elementor-widget elementor-widget-ettore_core_button\" data-id=\"8ebcb01\" data-element_type=\"widget\" data-e-type=\"widget\" data-widget_type=\"ettore_core_button.default\">\n\t\t\t\t<div class=\"elementor-widget-container\">\n\t\t\t\t\t<a class=\"qodef-shortcode qodef-m  qodef-button qodef-layout--filled qodef-size--small qodef-html--link\" href=\"https:\/\/www.instagram.com\/binti.paris\/\" target=\"_self\" >\n\t<span class=\"qodef-m-text\">SUIVRE BINTI<\/span>\n<\/a>\n\t\t\t\t<\/div>\n\t\t\t\t<\/div>\n\t\t\t\t<div class=\"elementor-element elementor-element-bd1f2d4 elementor-widget elementor-widget-shortcode\" data-id=\"bd1f2d4\" data-element_type=\"widget\" data-e-type=\"widget\" data-widget_type=\"shortcode.default\">\n\t\t\t\t<div class=\"elementor-widget-container\">\n\t\t\t\t\t\t\t<div class=\"elementor-shortcode\"><\/div>\n\t\t\t\t\t\t<\/div>\n\t\t\t\t<\/div>\n\t\t\t\t<\/div>\n\t\t\t\t\t<\/div>\n\t\t\t\t<\/div>\n\t\t\t\t<\/div>\n\t\t","protected":false},"excerpt":{"rendered":"<p>Prot\u00e9geons notre plan\u00e8te ! L&rsquo;engagement BINTI dans le Upcycling Une Philosophie de l&rsquo;Upcycling pour R\u00e9inventer les Cuirs Nobles Au-del\u00e0 de la tendance, pour BINTI , l&rsquo;upcycling est une v\u00e9ritable philosophie notamment en s\u00e9lectionnant et en r\u00e9inventant avec soin des cuirs nobles destin\u00e9s \u00e0 l&rsquo;oubli. Ils sont alors transform\u00e9s en pi\u00e8ces uniques, empreintes d&rsquo;histoire et de [&hellip;]<\/p>\n","protected":false},"author":1,"featured_media":0,"parent":0,"menu_order":0,"comment_status":"closed","ping_status":"closed","template":"page-full-width.php","meta":{"footnotes":""},"class_list":["post-12011","page","type-page","status-publish","hentry"],"yoast_head":"<!-- This site is optimized with the Yoast SEO plugin v27.4 - https:\/\/yoast.com\/product\/yoast-seo-wordpress\/ -->\n<title>Upcycling - BINTI<\/title>\n<meta name=\"description\" content=\"D\u00e9couvrez BINTI, maison de maroquinerie alliant artisanat ancestral et \u00e9l\u00e9gance parisienne. Nos cr\u00e9ations uniques, durables et \u00e9thiques refl\u00e8tent l&#039;authenticit\u00e9 et le savoir-faire de nos artisans, pour une mode responsable c\u00e9l\u00e9brant tradition et modernit\u00e9.\" \/>\n<meta name=\"robots\" content=\"index, follow, max-snippet:-1, max-image-preview:large, max-video-preview:-1\" \/>\n<link rel=\"canonical\" href=\"https:\/\/bintiparis.com\/index.php\/upcycling\/\" \/>\n<meta property=\"og:locale\" content=\"fr_FR\" \/>\n<meta property=\"og:type\" content=\"article\" \/>\n<meta property=\"og:title\" content=\"Upcycling - BINTI\" \/>\n<meta property=\"og:description\" content=\"D\u00e9couvrez BINTI, maison de maroquinerie alliant artisanat ancestral et \u00e9l\u00e9gance parisienne. Nos cr\u00e9ations uniques, durables et \u00e9thiques refl\u00e8tent l&#039;authenticit\u00e9 et le savoir-faire de nos artisans, pour une mode responsable c\u00e9l\u00e9brant tradition et modernit\u00e9.\" \/>\n<meta property=\"og:url\" content=\"https:\/\/bintiparis.com\/index.php\/upcycling\/\" \/>\n<meta property=\"og:site_name\" content=\"BINTI\" \/>\n<meta property=\"article:publisher\" content=\"https:\/\/www.facebook.com\/people\/Binti-Paris\/61560172855972\/\" \/>\n<meta property=\"article:modified_time\" content=\"2025-07-16T11:42:37+00:00\" \/>\n<meta property=\"og:image\" content=\"https:\/\/bintiparis.com\/wp-content\/uploads\/2024\/06\/upcycling.jpg\" \/>\n<meta name=\"twitter:card\" content=\"summary_large_image\" \/>\n<meta name=\"twitter:label1\" content=\"Dur\u00e9e de lecture estim\u00e9e\" \/>\n\t<meta name=\"twitter:data1\" content=\"1 minute\" \/>\n<script type=\"application\/ld+json\" class=\"yoast-schema-graph\">{\"@context\":\"https:\\\/\\\/schema.org\",\"@graph\":[{\"@type\":\"WebPage\",\"@id\":\"https:\\\/\\\/bintiparis.com\\\/index.php\\\/upcycling\\\/\",\"url\":\"https:\\\/\\\/bintiparis.com\\\/index.php\\\/upcycling\\\/\",\"name\":\"Upcycling - BINTI\",\"isPartOf\":{\"@id\":\"https:\\\/\\\/bintiparis.com\\\/#website\"},\"primaryImageOfPage\":{\"@id\":\"https:\\\/\\\/bintiparis.com\\\/index.php\\\/upcycling\\\/#primaryimage\"},\"image\":{\"@id\":\"https:\\\/\\\/bintiparis.com\\\/index.php\\\/upcycling\\\/#primaryimage\"},\"thumbnailUrl\":\"https:\\\/\\\/bintiparis.com\\\/wp-content\\\/uploads\\\/2024\\\/06\\\/upcycling.jpg\",\"datePublished\":\"2024-06-21T19:01:10+00:00\",\"dateModified\":\"2025-07-16T11:42:37+00:00\",\"description\":\"D\u00e9couvrez BINTI, maison de maroquinerie alliant artisanat ancestral et \u00e9l\u00e9gance parisienne. Nos cr\u00e9ations uniques, durables et \u00e9thiques refl\u00e8tent l'authenticit\u00e9 et le savoir-faire de nos artisans, pour une mode responsable c\u00e9l\u00e9brant tradition et modernit\u00e9.\",\"breadcrumb\":{\"@id\":\"https:\\\/\\\/bintiparis.com\\\/index.php\\\/upcycling\\\/#breadcrumb\"},\"inLanguage\":\"fr-FR\",\"potentialAction\":[{\"@type\":\"ReadAction\",\"target\":[\"https:\\\/\\\/bintiparis.com\\\/index.php\\\/upcycling\\\/\"]}]},{\"@type\":\"ImageObject\",\"inLanguage\":\"fr-FR\",\"@id\":\"https:\\\/\\\/bintiparis.com\\\/index.php\\\/upcycling\\\/#primaryimage\",\"url\":\"https:\\\/\\\/bintiparis.com\\\/wp-content\\\/uploads\\\/2024\\\/06\\\/upcycling.jpg\",\"contentUrl\":\"https:\\\/\\\/bintiparis.com\\\/wp-content\\\/uploads\\\/2024\\\/06\\\/upcycling.jpg\",\"width\":740,\"height\":493},{\"@type\":\"BreadcrumbList\",\"@id\":\"https:\\\/\\\/bintiparis.com\\\/index.php\\\/upcycling\\\/#breadcrumb\",\"itemListElement\":[{\"@type\":\"ListItem\",\"position\":1,\"name\":\"Accueil\",\"item\":\"https:\\\/\\\/bintiparis.com\\\/\"},{\"@type\":\"ListItem\",\"position\":2,\"name\":\"Upcycling\"}]},{\"@type\":\"WebSite\",\"@id\":\"https:\\\/\\\/bintiparis.com\\\/#website\",\"url\":\"https:\\\/\\\/bintiparis.com\\\/\",\"name\":\"BINTI\",\"description\":\"Maison de Maroquinerie Haut de Gamme Engag\u00e9e\",\"publisher\":{\"@id\":\"https:\\\/\\\/bintiparis.com\\\/#organization\"},\"potentialAction\":[{\"@type\":\"SearchAction\",\"target\":{\"@type\":\"EntryPoint\",\"urlTemplate\":\"https:\\\/\\\/bintiparis.com\\\/?s={search_term_string}\"},\"query-input\":{\"@type\":\"PropertyValueSpecification\",\"valueRequired\":true,\"valueName\":\"search_term_string\"}}],\"inLanguage\":\"fr-FR\"},{\"@type\":\"Organization\",\"@id\":\"https:\\\/\\\/bintiparis.com\\\/#organization\",\"name\":\"BINTI\",\"url\":\"https:\\\/\\\/bintiparis.com\\\/\",\"logo\":{\"@type\":\"ImageObject\",\"inLanguage\":\"fr-FR\",\"@id\":\"https:\\\/\\\/bintiparis.com\\\/#\\\/schema\\\/logo\\\/image\\\/\",\"url\":\"https:\\\/\\\/bintiparis.com\\\/wp-content\\\/uploads\\\/2024\\\/09\\\/BINTI-Def-vectoriel-fond-transparent.png\",\"contentUrl\":\"https:\\\/\\\/bintiparis.com\\\/wp-content\\\/uploads\\\/2024\\\/09\\\/BINTI-Def-vectoriel-fond-transparent.png\",\"width\":4133,\"height\":6327,\"caption\":\"BINTI\"},\"image\":{\"@id\":\"https:\\\/\\\/bintiparis.com\\\/#\\\/schema\\\/logo\\\/image\\\/\"},\"sameAs\":[\"https:\\\/\\\/www.facebook.com\\\/people\\\/Binti-Paris\\\/61560172855972\\\/\",\"https:\\\/\\\/www.instagram.com\\\/binti.paris\\\/\",\"https:\\\/\\\/www.tiktok.com\\\/@binti.paris\"]}]}<\/script>\n<!-- \/ Yoast SEO plugin. -->","yoast_head_json":{"title":"Upcycling - BINTI","description":"D\u00e9couvrez BINTI, maison de maroquinerie alliant artisanat ancestral et \u00e9l\u00e9gance parisienne. Nos cr\u00e9ations uniques, durables et \u00e9thiques refl\u00e8tent l'authenticit\u00e9 et le savoir-faire de nos artisans, pour une mode responsable c\u00e9l\u00e9brant tradition et modernit\u00e9.","robots":{"index":"index","follow":"follow","max-snippet":"max-snippet:-1","max-image-preview":"max-image-preview:large","max-video-preview":"max-video-preview:-1"},"canonical":"https:\/\/bintiparis.com\/index.php\/upcycling\/","og_locale":"fr_FR","og_type":"article","og_title":"Upcycling - BINTI","og_description":"D\u00e9couvrez BINTI, maison de maroquinerie alliant artisanat ancestral et \u00e9l\u00e9gance parisienne. Nos cr\u00e9ations uniques, durables et \u00e9thiques refl\u00e8tent l'authenticit\u00e9 et le savoir-faire de nos artisans, pour une mode responsable c\u00e9l\u00e9brant tradition et modernit\u00e9.","og_url":"https:\/\/bintiparis.com\/index.php\/upcycling\/","og_site_name":"BINTI","article_publisher":"https:\/\/www.facebook.com\/people\/Binti-Paris\/61560172855972\/","article_modified_time":"2025-07-16T11:42:37+00:00","og_image":[{"url":"https:\/\/bintiparis.com\/wp-content\/uploads\/2024\/06\/upcycling.jpg","type":"","width":"","height":""}],"twitter_card":"summary_large_image","twitter_misc":{"Dur\u00e9e de lecture estim\u00e9e":"1 minute"},"schema":{"@context":"https:\/\/schema.org","@graph":[{"@type":"WebPage","@id":"https:\/\/bintiparis.com\/index.php\/upcycling\/","url":"https:\/\/bintiparis.com\/index.php\/upcycling\/","name":"Upcycling - BINTI","isPartOf":{"@id":"https:\/\/bintiparis.com\/#website"},"primaryImageOfPage":{"@id":"https:\/\/bintiparis.com\/index.php\/upcycling\/#primaryimage"},"image":{"@id":"https:\/\/bintiparis.com\/index.php\/upcycling\/#primaryimage"},"thumbnailUrl":"https:\/\/bintiparis.com\/wp-content\/uploads\/2024\/06\/upcycling.jpg","datePublished":"2024-06-21T19:01:10+00:00","dateModified":"2025-07-16T11:42:37+00:00","description":"D\u00e9couvrez BINTI, maison de maroquinerie alliant artisanat ancestral et \u00e9l\u00e9gance parisienne. Nos cr\u00e9ations uniques, durables et \u00e9thiques refl\u00e8tent l'authenticit\u00e9 et le savoir-faire de nos artisans, pour une mode responsable c\u00e9l\u00e9brant tradition et modernit\u00e9.","breadcrumb":{"@id":"https:\/\/bintiparis.com\/index.php\/upcycling\/#breadcrumb"},"inLanguage":"fr-FR","potentialAction":[{"@type":"ReadAction","target":["https:\/\/bintiparis.com\/index.php\/upcycling\/"]}]},{"@type":"ImageObject","inLanguage":"fr-FR","@id":"https:\/\/bintiparis.com\/index.php\/upcycling\/#primaryimage","url":"https:\/\/bintiparis.com\/wp-content\/uploads\/2024\/06\/upcycling.jpg","contentUrl":"https:\/\/bintiparis.com\/wp-content\/uploads\/2024\/06\/upcycling.jpg","width":740,"height":493},{"@type":"BreadcrumbList","@id":"https:\/\/bintiparis.com\/index.php\/upcycling\/#breadcrumb","itemListElement":[{"@type":"ListItem","position":1,"name":"Accueil","item":"https:\/\/bintiparis.com\/"},{"@type":"ListItem","position":2,"name":"Upcycling"}]},{"@type":"WebSite","@id":"https:\/\/bintiparis.com\/#website","url":"https:\/\/bintiparis.com\/","name":"BINTI","description":"Maison de Maroquinerie Haut de Gamme Engag\u00e9e","publisher":{"@id":"https:\/\/bintiparis.com\/#organization"},"potentialAction":[{"@type":"SearchAction","target":{"@type":"EntryPoint","urlTemplate":"https:\/\/bintiparis.com\/?s={search_term_string}"},"query-input":{"@type":"PropertyValueSpecification","valueRequired":true,"valueName":"search_term_string"}}],"inLanguage":"fr-FR"},{"@type":"Organization","@id":"https:\/\/bintiparis.com\/#organization","name":"BINTI","url":"https:\/\/bintiparis.com\/","logo":{"@type":"ImageObject","inLanguage":"fr-FR","@id":"https:\/\/bintiparis.com\/#\/schema\/logo\/image\/","url":"https:\/\/bintiparis.com\/wp-content\/uploads\/2024\/09\/BINTI-Def-vectoriel-fond-transparent.png","contentUrl":"https:\/\/bintiparis.com\/wp-content\/uploads\/2024\/09\/BINTI-Def-vectoriel-fond-transparent.png","width":4133,"height":6327,"caption":"BINTI"},"image":{"@id":"https:\/\/bintiparis.com\/#\/schema\/logo\/image\/"},"sameAs":["https:\/\/www.facebook.com\/people\/Binti-Paris\/61560172855972\/","https:\/\/www.instagram.com\/binti.paris\/","https:\/\/www.tiktok.com\/@binti.paris"]}]}},"jetpack_sharing_enabled":true,"_links":{"self":[{"href":"https:\/\/bintiparis.com\/index.php\/wp-json\/wp\/v2\/pages\/12011","targetHints":{"allow":["GET"]}}],"collection":[{"href":"https:\/\/bintiparis.com\/index.php\/wp-json\/wp\/v2\/pages"}],"about":[{"href":"https:\/\/bintiparis.com\/index.php\/wp-json\/wp\/v2\/types\/page"}],"author":[{"embeddable":true,"href":"https:\/\/bintiparis.com\/index.php\/wp-json\/wp\/v2\/users\/1"}],"replies":[{"embeddable":true,"href":"https:\/\/bintiparis.com\/index.php\/wp-json\/wp\/v2\/comments?post=12011"}],"version-history":[{"count":16,"href":"https:\/\/bintiparis.com\/index.php\/wp-json\/wp\/v2\/pages\/12011\/revisions"}],"predecessor-version":[{"id":12512,"href":"https:\/\/bintiparis.com\/index.php\/wp-json\/wp\/v2\/pages\/12011\/revisions\/12512"}],"wp:attachment":[{"href":"https:\/\/bintiparis.com\/index.php\/wp-json\/wp\/v2\/media?parent=12011"}],"curies":[{"name":"wp","href":"https:\/\/api.w.org\/{rel}","templated":true}]}}