{"id":11831,"date":"2024-06-17T15:57:42","date_gmt":"2024-06-17T13:57:42","guid":{"rendered":"https:\/\/bintiparis.com\/?page_id=11831"},"modified":"2025-03-04T22:32:36","modified_gmt":"2025-03-04T21:32:36","slug":"pdc","status":"publish","type":"page","link":"https:\/\/bintiparis.com\/index.php\/pdc\/","title":{"rendered":"PDC"},"content":{"rendered":"\t\t<div data-elementor-type=\"wp-page\" data-elementor-id=\"11831\" class=\"elementor elementor-11831\">\n\t\t\t\t<div class=\"elementor-element elementor-element-65af3a2 e-flex e-con-boxed e-con e-parent\" data-id=\"65af3a2\" data-element_type=\"container\" data-e-type=\"container\">\n\t\t\t\t\t<div class=\"e-con-inner\">\n\t\t\t\t<div class=\"elementor-element elementor-element-28a6696 elementor-widget elementor-widget-heading\" data-id=\"28a6696\" data-element_type=\"widget\" data-e-type=\"widget\" data-widget_type=\"heading.default\">\n\t\t\t\t<div class=\"elementor-widget-container\">\n\t\t\t\t\t<h1 class=\"elementor-heading-title elementor-size-default\">Politique de confidentialit\u00e9<\/h1>\t\t\t\t<\/div>\n\t\t\t\t<\/div>\n\t\t\t\t<div class=\"elementor-element elementor-element-05eb3ec elementor-widget elementor-widget-heading\" data-id=\"05eb3ec\" data-element_type=\"widget\" data-e-type=\"widget\" data-widget_type=\"heading.default\">\n\t\t\t\t<div class=\"elementor-widget-container\">\n\t\t\t\t\t<h1 class=\"elementor-heading-title elementor-size-default\">BINTI<\/h1>\t\t\t\t<\/div>\n\t\t\t\t<\/div>\n\t\t\t\t\t<\/div>\n\t\t\t\t<\/div>\n\t\t<div class=\"elementor-element elementor-element-fd426e8 e-flex e-con-boxed e-con e-parent\" data-id=\"fd426e8\" data-element_type=\"container\" data-e-type=\"container\">\n\t\t\t\t\t<div class=\"e-con-inner\">\n\t\t\t\t<div class=\"elementor-element elementor-element-4a9575d elementor-widget elementor-widget-text-editor\" data-id=\"4a9575d\" data-element_type=\"widget\" data-e-type=\"widget\" data-widget_type=\"text-editor.default\">\n\t\t\t\t<div class=\"elementor-widget-container\">\n\t\t\t\t\t\t\t\t\t<p>BINTI a pour priorit\u00e9 le respect du droit \u00e0 la vie priv\u00e9e et la protection des donn\u00e9es personnelles des personnes physiques consultant, naviguant et le cas \u00e9ch\u00e9ant proc\u00e9dant \u00e0 des commandes de produits sur son site internet accessible \u00e0 l\u2019adresse https :\/\/www.bintiparis.com\/ (ci-apr\u00e8s le \u00ab Site \u00bb) (ciapr\u00e8s \u00ab Utilisateur(s) \u00bb).<br>Le pr\u00e9sent document a pour objet d\u2019informer les Utilisateurs sur les conditions dans lesquelles BINTI collecte, stocke, utilise et traite les donn\u00e9es personnelles des Utilisateurs sur son Site (ciapr\u00e8s \u00ab Politique de Confidentialit\u00e9 \u00bb).<br>Les Utilisateurs pourront consulter \u00e0 tout moment la Politique de Confidentialit\u00e9 en bas de la page du Site. Tout Utilisateur en d\u00e9saccord avec ce document, est invit\u00e9 \u00e0 ne pas utiliser le Site.<br>BINTI se r\u00e9serve le droit de modifier \u00e0 tout moment la Politique de Confidentialit\u00e9, afin notamment de se conformer \u00e0 toutes \u00e9volutions l\u00e9gislatives, r\u00e9glementaires, jurisprudentielles, \u00e9ditoriales ou techniques, ou bien en cas d\u2019\u00e9volution de ses services impactant la collecte et le traitement des Donn\u00e9es Personnelles.<br>BINTI invite les Utilisateurs \u00e0 consulter r\u00e9guli\u00e8rement la Politique de Confidentialit\u00e9s, dans sa derni\u00e8re version, d\u00e8s lors qu\u2019ils consultent le Site ou qu\u2019ils d\u00e9sirent passer une commande.<br>BINTI s\u2019assure que les donn\u00e9es \u00e0 caract\u00e8re personnel (ci-apr\u00e8s les \u00ab Donn\u00e9es Personnelles \u00bb) collect\u00e9es soient trait\u00e9es conform\u00e9ment aux dispositions de la Loi n\u00b078-17 du 6 janvier 1978 dite \u00ab loi Informatique et Libert\u00e9s \u00bb et ses modifications ult\u00e9rieures ainsi qu\u2019au R\u00e8glement (UE) 2016\/679 du 27 avril 2016 relatif \u00e0 la protection des personnes physiques \u00e0 l\u2019\u00e9gard du traitement des Donn\u00e9es Personnelles \u00e0 caract\u00e8re personnel et \u00e0 la libre circulation de ces donn\u00e9es personnelles<br>dit \u00ab RGPD \u00bb (ci-apr\u00e8s d\u00e9sign\u00e9s ensemble la \u00ab R\u00e8glementation \u00bb).<\/p>\n<p>1.1 Responsable de traitement<\/p>\n<p>Le traitement des Donn\u00e9es Personnelles est mis en oeuvre par la soci\u00e9t\u00e9 BINTI, soci\u00e9t\u00e9 par actions simplifi\u00e9e au capital de 1000 euros immatricul\u00e9e au Registre du Commerce et des Soci\u00e9t\u00e9s de ROUEN sous le num\u00e9ro 949 204 473, dont le si\u00e8ge social est situ\u00e9 11 boulevard Stanislas Girardin 76140 Le Petit-Quevilly (ci-apr\u00e8s \u00ab BINTI\u00bb) \u00e9ditant le Site et ayant la qualit\u00e9 de Responsable de<br>traitement au sens de la r\u00e8glementation.<\/p>\n<p>1.2 Donn\u00e9es Personnelles collect\u00e9es<br>Une donn\u00e9e \u00e0 caract\u00e8re personnel est une information qui permet d\u2019identifier un individu directement ou indirectement par regroupement avec d\u2019autres donn\u00e9es personnelles, notamment par r\u00e9f\u00e9rence \u00e0 un identifiant ou un nom.<br>Les Donn\u00e9es Personnelles sont collect\u00e9es par BINTI :<br>\u2022 Soit directement \u00e0 l\u2019occasion des informations volontairement compl\u00e9t\u00e9es par les Utilisateurs sur les formulaires pr\u00e9sents sur le Site, notamment lors de l\u2019inscription \u00e0 la newsletter ou d\u2019une commande d\u2019un produit.<br>\u2022 Soit indirectement \u00e0 l\u2019occasion de la navigation des Utilisateurs sur le Site (donn\u00e9es personnelles de connexion et de navigation n\u00e9cessaires \u00e0 l\u2019ex\u00e9cution des services fournis par BINTI). Pour plus d\u2019information sur les Cookies et pour savoir comment modifier ses pr\u00e9f\u00e9rences, veuillez lire la rubrique \u00ab Politique de Cookies \u00bb.<br>Les Donn\u00e9es Personnelles susceptibles d\u2019\u00eatre collect\u00e9es aupr\u00e8s des Utilisateurs sont les suivantes :<br>\u2022 Donn\u00e9es d\u2019identification : nom, pr\u00e9nom, adresse email, adresse postale, num\u00e9ro de t\u00e9l\u00e9phone ;<br>\u2022 Donn\u00e9es personnelles de l\u2019Utilisateur lorsque celui-ci les inscrit dans son compte client : date de naissance, taille de chaussures ;<br>Donn\u00e9es relatives aux commandes : informations de facturation, de livraison, de commande, historique des achats ;<br>\u2022 Donn\u00e9es de connexion : identifiants de connexion, mots de passe ;<br>\u2022 Donn\u00e9es relatives \u00e0 la navigation : date, heure de la connexion et\/ou navigation, type de navigateur, langue du navigateur, adresse IP, donn\u00e9es de localisation et g\u00e9olocalisation) ;<br>\u2022 Donn\u00e9es financi\u00e8res : donn\u00e9es relatives aux moyens de paiement (ex : num\u00e9ro de carte bancaire, date d\u2019expiration, code de s\u00e9curit\u00e9, num\u00e9ro d\u2019autorisation) ;<br>\u2022 Toute autre information que l\u2019Utilisateur transmet \u00e0 BINTI dans le cadre d\u2019une demande de contact ou d\u2019un \u00e9change avec le service-client.<br>Les Donn\u00e9es Personnelles sont n\u00e9cessaires \u00e0 la r\u00e9alisation des finalit\u00e9s d\u00e9crites \u00e0 l\u2019article 1.3. Le d\u00e9faut de fourniture de ces informations peut retarder ou emp\u00eacher BINTI de fournir ses produits ou services.<br>Aucune donn\u00e9e personnelle sensible concernant les Utilisateurs n\u2019est collect\u00e9e, \u00e0 savoir des donn\u00e9es personnelles relatives \u00e0 l\u2019origine raciale ou ethnique, les opinions politiques, les croyances religieuses ou philosophiques, l\u2019adh\u00e9sion \u00e0 un syndicat, les donn\u00e9es personnelles relatives \u00e0 la sant\u00e9 ou \u00e0 l\u2019orientation sexuelle.<\/p>\n<p>1.3 Finalit\u00e9s de la collecte<br>Les Donn\u00e9es personnelles des Utilisateurs sont collect\u00e9es et trait\u00e9es pour permettre \u00e0 BINTI de :<br>\u2022 Fournir les services disponibles sur le Site ;<br>\u2022 Cr\u00e9er et g\u00e9rer un compte client ;<br>\u2022 Ex\u00e9cuter la commande, effectuer les op\u00e9rations relatives \u00e0 la gestion des Utilisateurs (livraison, suivi) ;<br>\u2022 Traiter une demande d\u2019information ;<br>\u2022 Diffuser des Newsletters, sollicitations et offres privil\u00e9gi\u00e9es ;<br>\u2022 Se mettre en conformit\u00e9 avec les obligations l\u00e9gales applicables \u00e0 l\u2019activit\u00e9 de BINTI ;<br>\u2022 Assurer le bon fonctionnement et l\u2019am\u00e9lioration permanente des services ;<br>\u2022 G\u00e9rer les demandes d\u2019exercice de droits des Utilisateurs ;<br>(ci-apr\u00e8s d\u00e9sign\u00e9es ensemble les \u00ab Finalit\u00e9s \u00bb)<\/p>\n<p>1.4. Dur\u00e9e de conservation<br>Conform\u00e9ment aux exigences l\u00e9gales impos\u00e9es par la loi et la R\u00e8glementation, BINTI conserve les<br>Donn\u00e9es Personnelles des Utilisateurs durant le temps n\u00e9cessaire pour permettre l\u2019accomplissement des Finalit\u00e9s.<\/p>\n<p>1.4 Destinataires des Donn\u00e9es Personnelles<br>Les personnes susceptibles d\u2019avoir acc\u00e8s aux Donn\u00e9es Personnelles sont :<br>\u2022 Le personnel habilit\u00e9 de BINTI;<br>\u2022 Les soci\u00e9t\u00e9s d\u2019h\u00e9bergement des Donn\u00e9es Personnelles ;<br>\u2022 Le personnel habilit\u00e9 des sous-traitants de BINTI : prestataire d\u2019envoi de newsletters,<br>prestataire de mesure et d\u2019analyse d\u2019audience, prestataire de paiement s\u00e9curis\u00e9 ;<br>\u2022 Les tiers susceptibles de d\u00e9poser des cookies fonctionnels ;<br>\u2022 Toute autorit\u00e9 judiciaire ou administrative, sur r\u00e9quisition, pour r\u00e9pondre aux obligations l\u00e9gales.<\/p>\n<p>1.5 Transfert des Donn\u00e9es Personnelles hors Union Europ\u00e9enne<br>D\u00e8s lors que les Donn\u00e9es Personnelles sont collect\u00e9es ou d\u00e9tenues dans un pays situ\u00e9 en dehors de l\u2019Union europ\u00e9enne (UE) et de l\u2019Espace \u00e9conomique europ\u00e9en (EEE), BINTI s\u2019engage \u00e0 assurer un niveau de protection des Donn\u00e9es Personnelles suffisant et appropri\u00e9 au sens de la R\u00e8glementation.<\/p>\n<p>1.6 S\u00e9curit\u00e9<br>En qualit\u00e9 de responsable de traitement, BINTI s\u2019engage \u00e0 mettre en oeuvre toutes les mesures techniques et organisationnelles utiles afin de pr\u00e9server la s\u00e9curit\u00e9 et la confidentialit\u00e9 des Donn\u00e9es Personnelles, en application de la R\u00e8glementation et notamment, d\u2019emp\u00eacher qu\u2019elles ne soient alt\u00e9r\u00e9es, d\u00e9form\u00e9es ou que des tiers non autoris\u00e9s y aient acc\u00e8s.<\/p>\n<p>1.7 Droits des Utilisateurs<br>Tout Utilisateur b\u00e9n\u00e9ficie de plusieurs droits concernant ses Donn\u00e9es Personnelles, dont il b\u00e9n\u00e9ficie \u00e0 tout moment, conform\u00e9ment \u00e0 la R\u00e8glementation :<br>\u2022 Droit \u00e0 l\u2019information (Art.13, 14 RGPD)<br>\u2022 Droit d\u2019acc\u00e8s (Art.15 RGPD)<br>\u2022 Droit de rectification dans les meilleurs d\u00e9lais, de ses Donn\u00e9es Personnelles qui s\u2019av\u00e8rent inexactes, incompl\u00e8tes ou obsol\u00e8tes (Art.16 RGPD)<br>\u2022 Droit \u00e0 l\u2019effacement de ses Donn\u00e9es Personnelles, et d\u2019en interdire toute collecte future pour les motifs d\u00e9finis par le RGPD (Art.17 RGPD)<br>\u2022 Droit \u00e0 la limitation du traitement (Art.18 RGPD)<br>\u2022 Droit \u00e0 la portabilit\u00e9 de ses Donn\u00e9es Personnelles dans un format standard lisible par machine et d\u2019exiger leur transfert au destinataire choisi (Art.20 RGPD)<br>\u2022 Droit d\u2019opposition au traitement de ses Donn\u00e9es Personnelles, sauf pour des motifs l\u00e9gitimes et imp\u00e9rieux pour le traitement qui pr\u00e9valent sur les int\u00e9r\u00eats et les droits et libert\u00e9s de l\u2019Utilisateur ou pour la d\u00e9fense de droits en justice (Art.21 RGPD)<br>\u2022 Droit d\u2019introduire une r\u00e9clamation aupr\u00e8s d\u2019une autorit\u00e9 de contr\u00f4le<br>comp\u00e9tente (la CNIL en France) en cas de traitement de ses Donn\u00e9es Personnelles en violation de la R\u00e8glementation (Art.77 RGPD)<br>\u2022 Droit de retirer le consentement \u00e0 tout moment : pour les Donn\u00e9es Personnelles fond\u00e9es sur le consentement de l\u2019Utilisateur (Art.7 RGPD) Droit de d\u00e9finir des directives relatives \u00e0 la conservation, \u00e0 l\u2019effacement et \u00e0 la communication de ses Donn\u00e9es Personnelles apr\u00e8s la mort (Art.85 Loi Informatique et Libert\u00e9s)<br>L\u2019Utilisateur peut exercer ces droits en \u00e9crivant \u00e0 BINTI aux coordonn\u00e9es suivantes :<br>\u2022 Par adresse \u00e9lectronique : contact@bintiparis.com<br>\u2022 Par courrier postal : BINTI 11 boulevard Stanislas Girardin 76140 Le Petit-Quevilly<br>A cette occasion, BINTI se r\u00e9serve le droit de demander \u00e0 l\u2019Utilisateur de fournir des informations ou documents compl\u00e9mentaires pour justifier de son identit\u00e9, notamment une copie de la pi\u00e8ce d\u2019identit\u00e9.<br>Si l\u2019Utilisateur estime, apr\u00e8s avoir contact\u00e9 BINTI, que sa demande d\u2019exercice de droits n\u2019a pas \u00e9t\u00e9 trait\u00e9e ou prise en compte dans les d\u00e9lais l\u00e9gaux pr\u00e9vus, il b\u00e9n\u00e9ficie d\u2019un droit d\u2019introduire une r\u00e9clamation aupr\u00e8s de la CNIL :<br>\u2022 Par la proc\u00e9dure indiqu\u00e9e sur son site internet : https:\/\/www.cnil.fr\/fr\/plaintes<br>\u2022 Par courrier postal : CNIL &#8211; Service des Plaintes &#8211; 3 Place de Fontenoy &#8211; TSA 80715 &#8211; 75334 PARIS CEDEX 07<\/p><p>1.8 Liens vers des sites tiers<br>Le Site peut le cas \u00e9ch\u00e9ant fournir des liens vers d\u2019autres sites qui peuvent \u00eatre exploit\u00e9s par des soci\u00e9t\u00e9s tierces. BINTI n\u2019est pas responsable du traitement des donn\u00e9es personnelles par ces sites tiers. L\u2019Utilisateur devra consulter les politiques de protection des donn\u00e9es personnelles.<\/p>\t\t\t\t\t\t\t\t<\/div>\n\t\t\t\t<\/div>\n\t\t\t\t\t<\/div>\n\t\t\t\t<\/div>\n\t\t\t\t<\/div>\n\t\t","protected":false},"excerpt":{"rendered":"<p>Politique de confidentialit\u00e9 BINTI BINTI a pour priorit\u00e9 le respect du droit \u00e0 la vie priv\u00e9e et la protection des donn\u00e9es personnelles des personnes physiques consultant, naviguant et le cas \u00e9ch\u00e9ant proc\u00e9dant \u00e0 des commandes de produits sur son site internet accessible \u00e0 l\u2019adresse https :\/\/www.bintiparis.com\/ (ci-apr\u00e8s le \u00ab Site \u00bb) (ciapr\u00e8s \u00ab Utilisateur(s) \u00bb).Le [&hellip;]<\/p>\n","protected":false},"author":1,"featured_media":0,"parent":0,"menu_order":0,"comment_status":"closed","ping_status":"closed","template":"","meta":{"footnotes":""},"class_list":["post-11831","page","type-page","status-publish","hentry"],"yoast_head":"<!-- This site is optimized with the Yoast SEO plugin v27.4 - https:\/\/yoast.com\/product\/yoast-seo-wordpress\/ -->\n<title>PDC - BINTI<\/title>\n<meta name=\"description\" content=\"D\u00e9couvrez BINTI, maison de maroquinerie alliant artisanat ancestral et \u00e9l\u00e9gance parisienne. Nos cr\u00e9ations uniques, durables et \u00e9thiques refl\u00e8tent l&#039;authenticit\u00e9 et le savoir-faire de nos artisans, pour une mode responsable c\u00e9l\u00e9brant tradition et modernit\u00e9.\" \/>\n<meta name=\"robots\" content=\"index, follow, max-snippet:-1, max-image-preview:large, max-video-preview:-1\" \/>\n<link rel=\"canonical\" href=\"https:\/\/bintiparis.com\/index.php\/pdc\/\" \/>\n<meta property=\"og:locale\" content=\"fr_FR\" \/>\n<meta property=\"og:type\" content=\"article\" \/>\n<meta property=\"og:title\" content=\"PDC - BINTI\" \/>\n<meta property=\"og:description\" content=\"D\u00e9couvrez BINTI, maison de maroquinerie alliant artisanat ancestral et \u00e9l\u00e9gance parisienne. Nos cr\u00e9ations uniques, durables et \u00e9thiques refl\u00e8tent l&#039;authenticit\u00e9 et le savoir-faire de nos artisans, pour une mode responsable c\u00e9l\u00e9brant tradition et modernit\u00e9.\" \/>\n<meta property=\"og:url\" content=\"https:\/\/bintiparis.com\/index.php\/pdc\/\" \/>\n<meta property=\"og:site_name\" content=\"BINTI\" \/>\n<meta property=\"article:publisher\" content=\"https:\/\/www.facebook.com\/people\/Binti-Paris\/61560172855972\/\" \/>\n<meta property=\"article:modified_time\" content=\"2025-03-04T21:32:36+00:00\" \/>\n<meta name=\"twitter:card\" content=\"summary_large_image\" \/>\n<meta name=\"twitter:label1\" content=\"Dur\u00e9e de lecture estim\u00e9e\" \/>\n\t<meta name=\"twitter:data1\" content=\"8 minutes\" \/>\n<script type=\"application\/ld+json\" class=\"yoast-schema-graph\">{\"@context\":\"https:\\\/\\\/schema.org\",\"@graph\":[{\"@type\":\"WebPage\",\"@id\":\"https:\\\/\\\/bintiparis.com\\\/index.php\\\/pdc\\\/\",\"url\":\"https:\\\/\\\/bintiparis.com\\\/index.php\\\/pdc\\\/\",\"name\":\"PDC - BINTI\",\"isPartOf\":{\"@id\":\"https:\\\/\\\/bintiparis.com\\\/#website\"},\"datePublished\":\"2024-06-17T13:57:42+00:00\",\"dateModified\":\"2025-03-04T21:32:36+00:00\",\"description\":\"D\u00e9couvrez BINTI, maison de maroquinerie alliant artisanat ancestral et \u00e9l\u00e9gance parisienne. Nos cr\u00e9ations uniques, durables et \u00e9thiques refl\u00e8tent l'authenticit\u00e9 et le savoir-faire de nos artisans, pour une mode responsable c\u00e9l\u00e9brant tradition et modernit\u00e9.\",\"breadcrumb\":{\"@id\":\"https:\\\/\\\/bintiparis.com\\\/index.php\\\/pdc\\\/#breadcrumb\"},\"inLanguage\":\"fr-FR\",\"potentialAction\":[{\"@type\":\"ReadAction\",\"target\":[\"https:\\\/\\\/bintiparis.com\\\/index.php\\\/pdc\\\/\"]}]},{\"@type\":\"BreadcrumbList\",\"@id\":\"https:\\\/\\\/bintiparis.com\\\/index.php\\\/pdc\\\/#breadcrumb\",\"itemListElement\":[{\"@type\":\"ListItem\",\"position\":1,\"name\":\"Accueil\",\"item\":\"https:\\\/\\\/bintiparis.com\\\/\"},{\"@type\":\"ListItem\",\"position\":2,\"name\":\"PDC\"}]},{\"@type\":\"WebSite\",\"@id\":\"https:\\\/\\\/bintiparis.com\\\/#website\",\"url\":\"https:\\\/\\\/bintiparis.com\\\/\",\"name\":\"BINTI\",\"description\":\"Maison de Maroquinerie Haut de Gamme Engag\u00e9e\",\"publisher\":{\"@id\":\"https:\\\/\\\/bintiparis.com\\\/#organization\"},\"potentialAction\":[{\"@type\":\"SearchAction\",\"target\":{\"@type\":\"EntryPoint\",\"urlTemplate\":\"https:\\\/\\\/bintiparis.com\\\/?s={search_term_string}\"},\"query-input\":{\"@type\":\"PropertyValueSpecification\",\"valueRequired\":true,\"valueName\":\"search_term_string\"}}],\"inLanguage\":\"fr-FR\"},{\"@type\":\"Organization\",\"@id\":\"https:\\\/\\\/bintiparis.com\\\/#organization\",\"name\":\"BINTI\",\"url\":\"https:\\\/\\\/bintiparis.com\\\/\",\"logo\":{\"@type\":\"ImageObject\",\"inLanguage\":\"fr-FR\",\"@id\":\"https:\\\/\\\/bintiparis.com\\\/#\\\/schema\\\/logo\\\/image\\\/\",\"url\":\"https:\\\/\\\/bintiparis.com\\\/wp-content\\\/uploads\\\/2024\\\/09\\\/BINTI-Def-vectoriel-fond-transparent.png\",\"contentUrl\":\"https:\\\/\\\/bintiparis.com\\\/wp-content\\\/uploads\\\/2024\\\/09\\\/BINTI-Def-vectoriel-fond-transparent.png\",\"width\":4133,\"height\":6327,\"caption\":\"BINTI\"},\"image\":{\"@id\":\"https:\\\/\\\/bintiparis.com\\\/#\\\/schema\\\/logo\\\/image\\\/\"},\"sameAs\":[\"https:\\\/\\\/www.facebook.com\\\/people\\\/Binti-Paris\\\/61560172855972\\\/\",\"https:\\\/\\\/www.instagram.com\\\/binti.paris\\\/\",\"https:\\\/\\\/www.tiktok.com\\\/@binti.paris\"]}]}<\/script>\n<!-- \/ Yoast SEO plugin. -->","yoast_head_json":{"title":"PDC - BINTI","description":"D\u00e9couvrez BINTI, maison de maroquinerie alliant artisanat ancestral et \u00e9l\u00e9gance parisienne. Nos cr\u00e9ations uniques, durables et \u00e9thiques refl\u00e8tent l'authenticit\u00e9 et le savoir-faire de nos artisans, pour une mode responsable c\u00e9l\u00e9brant tradition et modernit\u00e9.","robots":{"index":"index","follow":"follow","max-snippet":"max-snippet:-1","max-image-preview":"max-image-preview:large","max-video-preview":"max-video-preview:-1"},"canonical":"https:\/\/bintiparis.com\/index.php\/pdc\/","og_locale":"fr_FR","og_type":"article","og_title":"PDC - BINTI","og_description":"D\u00e9couvrez BINTI, maison de maroquinerie alliant artisanat ancestral et \u00e9l\u00e9gance parisienne. Nos cr\u00e9ations uniques, durables et \u00e9thiques refl\u00e8tent l'authenticit\u00e9 et le savoir-faire de nos artisans, pour une mode responsable c\u00e9l\u00e9brant tradition et modernit\u00e9.","og_url":"https:\/\/bintiparis.com\/index.php\/pdc\/","og_site_name":"BINTI","article_publisher":"https:\/\/www.facebook.com\/people\/Binti-Paris\/61560172855972\/","article_modified_time":"2025-03-04T21:32:36+00:00","twitter_card":"summary_large_image","twitter_misc":{"Dur\u00e9e de lecture estim\u00e9e":"8 minutes"},"schema":{"@context":"https:\/\/schema.org","@graph":[{"@type":"WebPage","@id":"https:\/\/bintiparis.com\/index.php\/pdc\/","url":"https:\/\/bintiparis.com\/index.php\/pdc\/","name":"PDC - BINTI","isPartOf":{"@id":"https:\/\/bintiparis.com\/#website"},"datePublished":"2024-06-17T13:57:42+00:00","dateModified":"2025-03-04T21:32:36+00:00","description":"D\u00e9couvrez BINTI, maison de maroquinerie alliant artisanat ancestral et \u00e9l\u00e9gance parisienne. Nos cr\u00e9ations uniques, durables et \u00e9thiques refl\u00e8tent l'authenticit\u00e9 et le savoir-faire de nos artisans, pour une mode responsable c\u00e9l\u00e9brant tradition et modernit\u00e9.","breadcrumb":{"@id":"https:\/\/bintiparis.com\/index.php\/pdc\/#breadcrumb"},"inLanguage":"fr-FR","potentialAction":[{"@type":"ReadAction","target":["https:\/\/bintiparis.com\/index.php\/pdc\/"]}]},{"@type":"BreadcrumbList","@id":"https:\/\/bintiparis.com\/index.php\/pdc\/#breadcrumb","itemListElement":[{"@type":"ListItem","position":1,"name":"Accueil","item":"https:\/\/bintiparis.com\/"},{"@type":"ListItem","position":2,"name":"PDC"}]},{"@type":"WebSite","@id":"https:\/\/bintiparis.com\/#website","url":"https:\/\/bintiparis.com\/","name":"BINTI","description":"Maison de Maroquinerie Haut de Gamme Engag\u00e9e","publisher":{"@id":"https:\/\/bintiparis.com\/#organization"},"potentialAction":[{"@type":"SearchAction","target":{"@type":"EntryPoint","urlTemplate":"https:\/\/bintiparis.com\/?s={search_term_string}"},"query-input":{"@type":"PropertyValueSpecification","valueRequired":true,"valueName":"search_term_string"}}],"inLanguage":"fr-FR"},{"@type":"Organization","@id":"https:\/\/bintiparis.com\/#organization","name":"BINTI","url":"https:\/\/bintiparis.com\/","logo":{"@type":"ImageObject","inLanguage":"fr-FR","@id":"https:\/\/bintiparis.com\/#\/schema\/logo\/image\/","url":"https:\/\/bintiparis.com\/wp-content\/uploads\/2024\/09\/BINTI-Def-vectoriel-fond-transparent.png","contentUrl":"https:\/\/bintiparis.com\/wp-content\/uploads\/2024\/09\/BINTI-Def-vectoriel-fond-transparent.png","width":4133,"height":6327,"caption":"BINTI"},"image":{"@id":"https:\/\/bintiparis.com\/#\/schema\/logo\/image\/"},"sameAs":["https:\/\/www.facebook.com\/people\/Binti-Paris\/61560172855972\/","https:\/\/www.instagram.com\/binti.paris\/","https:\/\/www.tiktok.com\/@binti.paris"]}]}},"jetpack_sharing_enabled":true,"_links":{"self":[{"href":"https:\/\/bintiparis.com\/index.php\/wp-json\/wp\/v2\/pages\/11831","targetHints":{"allow":["GET"]}}],"collection":[{"href":"https:\/\/bintiparis.com\/index.php\/wp-json\/wp\/v2\/pages"}],"about":[{"href":"https:\/\/bintiparis.com\/index.php\/wp-json\/wp\/v2\/types\/page"}],"author":[{"embeddable":true,"href":"https:\/\/bintiparis.com\/index.php\/wp-json\/wp\/v2\/users\/1"}],"replies":[{"embeddable":true,"href":"https:\/\/bintiparis.com\/index.php\/wp-json\/wp\/v2\/comments?post=11831"}],"version-history":[{"count":22,"href":"https:\/\/bintiparis.com\/index.php\/wp-json\/wp\/v2\/pages\/11831\/revisions"}],"predecessor-version":[{"id":12350,"href":"https:\/\/bintiparis.com\/index.php\/wp-json\/wp\/v2\/pages\/11831\/revisions\/12350"}],"wp:attachment":[{"href":"https:\/\/bintiparis.com\/index.php\/wp-json\/wp\/v2\/media?parent=11831"}],"curies":[{"name":"wp","href":"https:\/\/api.w.org\/{rel}","templated":true}]}}