{"id":11082,"date":"2024-05-21T10:38:55","date_gmt":"2024-05-21T08:38:55","guid":{"rendered":"https:\/\/bintiparis.com\/?page_id=11082"},"modified":"2025-07-16T13:42:02","modified_gmt":"2025-07-16T11:42:02","slug":"la-maison-binti","status":"publish","type":"page","link":"https:\/\/bintiparis.com\/index.php\/la-maison-binti\/","title":{"rendered":"La Maison BINTI"},"content":{"rendered":"\t\t<div data-elementor-type=\"wp-page\" data-elementor-id=\"11082\" class=\"elementor elementor-11082\">\n\t\t\t\t<div class=\"elementor-element elementor-element-bb95a99 e-flex e-con-boxed elementor-invisible e-con e-parent\" data-id=\"bb95a99\" data-element_type=\"container\" data-e-type=\"container\" data-settings=\"{&quot;animation&quot;:&quot;fadeIn&quot;}\">\n\t\t\t\t\t<div class=\"e-con-inner\">\n\t\t\t\t<div class=\"elementor-element elementor-element-82afed9 elementor-widget elementor-widget-heading\" data-id=\"82afed9\" data-element_type=\"widget\" data-e-type=\"widget\" data-widget_type=\"heading.default\">\n\t\t\t\t<div class=\"elementor-widget-container\">\n\t\t\t\t\t<h1 class=\"elementor-heading-title elementor-size-default\">La Maison BINTI<\/h1>\t\t\t\t<\/div>\n\t\t\t\t<\/div>\n\t\t\t\t<div class=\"elementor-element elementor-element-b8b051a elementor-widget elementor-widget-heading\" data-id=\"b8b051a\" data-element_type=\"widget\" data-e-type=\"widget\" data-widget_type=\"heading.default\">\n\t\t\t\t<div class=\"elementor-widget-container\">\n\t\t\t\t\t<h2 class=\"elementor-heading-title elementor-size-default\">Le savoir-faire Artisanal de BINTI<\/h2>\t\t\t\t<\/div>\n\t\t\t\t<\/div>\n\t\t\t\t\t<\/div>\n\t\t\t\t<\/div>\n\t\t<div class=\"elementor-element elementor-element-7329a6f full-wd e-flex e-con-boxed e-con e-parent\" data-id=\"7329a6f\" data-element_type=\"container\" data-e-type=\"container\">\n\t\t\t\t\t<div class=\"e-con-inner\">\n\t\t\t\t<div class=\"elementor-element elementor-element-3bb1a9c elementor-widget elementor-widget-qi_addons_for_elementor_dual_image_with_content\" data-id=\"3bb1a9c\" data-element_type=\"widget\" data-e-type=\"widget\" data-widget_type=\"qi_addons_for_elementor_dual_image_with_content.default\">\n\t\t\t\t<div class=\"elementor-widget-container\">\n\t\t\t\t\t<div class=\"qodef-shortcode qodef-m qodef-qi-dual-image-with-content qodef--content-left qodef-decoration--italic qodef-link--underline-draw qodef-qi--has-appear\">\n\t<div class=\"qodef-dual-content\">\n\t\t<div class=\"qodef-m-inner-content\">\n\t\t\t\t<h2 class=\"qodef-m-title\">\n\t\tNos Artisanes &amp; Artisans\t<\/h2>\n\t\t\t\t<p class=\"qodef-m-text\">Chez BINTI, nos artisanes et artisans en Tunisie sont le c\u0153ur et l'\u00e2me de notre marque. Chaque pi\u00e8ce de maroquinerie est soigneusement fabriqu\u00e9e par des ma\u00eetres artisans qui perp\u00e9tuent des techniques traditionnelles transmises de g\u00e9n\u00e9ration en g\u00e9n\u00e9ration. Leur expertise in\u00e9gal\u00e9e et leur passion pour le travail du cuir se refl\u00e8tent dans chaque d\u00e9tail, du choix des mat\u00e9riaux aux finitions impeccables. En travaillant main dans la main avec ces artisans talentueux, nous c\u00e9l\u00e9brons et pr\u00e9servons un h\u00e9ritage artisanal riche, tout en offrant \u00e0 nos clientes des produits d'une qualit\u00e9 exceptionnelle, alliant tradition et modernit\u00e9.<\/p>\n\t\t<\/div>\n\t\t<div class=\"qodef-m-inner-bottom\">\n\t\t\t\t\t<\/div>\n\t<\/div>\n\t<div class=\"qodef-image-holder\">\n\t\t<div class=\"qodef-m-main-image\">\n\t<img fetchpriority=\"high\" decoding=\"async\" width=\"960\" height=\"872\" src=\"https:\/\/bintiparis.com\/wp-content\/uploads\/2024\/07\/artisanale-binti.jpeg\" class=\"attachment-large size-large\" alt=\"\" srcset=\"https:\/\/bintiparis.com\/wp-content\/uploads\/2024\/07\/artisanale-binti.jpeg 960w, https:\/\/bintiparis.com\/wp-content\/uploads\/2024\/07\/artisanale-binti-300x273.jpeg 300w, https:\/\/bintiparis.com\/wp-content\/uploads\/2024\/07\/artisanale-binti-768x698.jpeg 768w, https:\/\/bintiparis.com\/wp-content\/uploads\/2024\/07\/artisanale-binti-600x545.jpeg 600w\" sizes=\"(max-width: 960px) 100vw, 960px\" \/><\/div>\n\t\t<div class=\"qodef-m-second-image\">\n\t<\/div>\n\t<\/div>\n<\/div>\n\t\t\t\t<\/div>\n\t\t\t\t<\/div>\n\t\t\t\t<div class=\"elementor-element elementor-element-bf508f4 elementor-widget elementor-widget-ettore_core_button\" data-id=\"bf508f4\" data-element_type=\"widget\" data-e-type=\"widget\" data-widget_type=\"ettore_core_button.default\">\n\t\t\t\t<div class=\"elementor-widget-container\">\n\t\t\t\t\t<a class=\"qodef-shortcode qodef-m  qodef-button qodef-layout--outlined qodef-size--small qodef-html--link\" href=\"https:\/\/bintiparis.com\/index.php\/maroquinerie\/\" target=\"_self\" >\n\t<span class=\"qodef-m-text\">VOIR NOS CREATIONS<\/span>\n<\/a>\n\t\t\t\t<\/div>\n\t\t\t\t<\/div>\n\t\t\t\t\t<\/div>\n\t\t\t\t<\/div>\n\t\t<div class=\"elementor-element elementor-element-bbc25c8 elementor-hidden-mobile e-flex e-con-boxed e-con e-parent\" data-id=\"bbc25c8\" data-element_type=\"container\" data-e-type=\"container\">\n\t\t\t\t\t<div class=\"e-con-inner\">\n\t\t\t\t<div class=\"elementor-element elementor-element-57d87e9 elementor-widget elementor-widget-qi_addons_for_elementor_animated_text\" data-id=\"57d87e9\" data-element_type=\"widget\" data-e-type=\"widget\" data-widget_type=\"qi_addons_for_elementor_animated_text.default\">\n\t\t\t\t<div class=\"elementor-widget-container\">\n\t\t\t\t\t<div class=\"qodef-shortcode qodef-m qodef-qi-animated-text qodef--alignment-center qodef-qi--has-appear qodef--appear-from-bottom\" data-appear-delay=\"random\">\n\t\t<h2 class=\"qodef-m-title\">\n\t\tBINTI met \u00e0 l'honneur le savoir-faire ancestral des artisanes du sud de la Tunisie avec le tissage du \u00ab smar \u00bb, fibre v\u00e9g\u00e9tale naturelle.\t<\/h2>\n<\/div>\n\t\t\t\t<\/div>\n\t\t\t\t<\/div>\n\t\t\t\t\t<\/div>\n\t\t\t\t<\/div>\n\t\t<div class=\"elementor-element elementor-element-97f4fe0 full-wd e-flex e-con-boxed e-con e-parent\" data-id=\"97f4fe0\" data-element_type=\"container\" data-e-type=\"container\">\n\t\t\t\t\t<div class=\"e-con-inner\">\n\t\t\t\t<div class=\"elementor-element elementor-element-d9bf465 elementor-widget elementor-widget-qi_addons_for_elementor_dual_image_with_content\" data-id=\"d9bf465\" data-element_type=\"widget\" data-e-type=\"widget\" data-widget_type=\"qi_addons_for_elementor_dual_image_with_content.default\">\n\t\t\t\t<div class=\"elementor-widget-container\">\n\t\t\t\t\t<div class=\"qodef-shortcode qodef-m qodef-qi-dual-image-with-content qodef--content-right qodef-decoration--italic qodef-link--underline-draw qodef-qi--has-appear\">\n\t<div class=\"qodef-dual-content\">\n\t\t<div class=\"qodef-m-inner-content\">\n\t\t\t\t<h2 class=\"qodef-m-title\">\n\t\tTradition et Modernit\u00e9\t<\/h2>\n\t\t\t\t<p class=\"qodef-m-text\">Le luxe et le chic fran\u00e7ais sont au c\u0153ur de notre philosophie de design. Inspir\u00e9s par l'\u00e9l\u00e9gance intemporelle de la mode parisienne, nos sacs incarnent une sophistication subtile et un raffinement sans \u00e9gal. \nChaque cr\u00e9ation est pens\u00e9e pour allier style et fonctionnalit\u00e9, avec des lignes \u00e9pur\u00e9es et des finitions impeccables. Nos collections refl\u00e8tent un art de vivre \u00e0 la fran\u00e7aise, o\u00f9 chaque d\u00e9tail compte, et o\u00f9 le minimalisme rencontre l'excellence. Avec BINTI, chaque femme peut exprimer sa propre \u00e9l\u00e9gance avec une touche de luxe discret et ind\u00e9modable.<\/p>\n\t\t<\/div>\n\t\t<div class=\"qodef-m-inner-bottom\">\n\t\t\t\t\t<\/div>\n\t<\/div>\n\t<div class=\"qodef-image-holder\">\n\t\t<div class=\"qodef-m-main-image\">\n\t<img decoding=\"async\" width=\"1024\" height=\"683\" src=\"https:\/\/bintiparis.com\/wp-content\/uploads\/2024\/06\/Binti_142-1024x683.jpeg\" class=\"attachment-large size-large\" alt=\"\" srcset=\"https:\/\/bintiparis.com\/wp-content\/uploads\/2024\/06\/Binti_142-1024x683.jpeg 1024w, https:\/\/bintiparis.com\/wp-content\/uploads\/2024\/06\/Binti_142-300x200.jpeg 300w, https:\/\/bintiparis.com\/wp-content\/uploads\/2024\/06\/Binti_142-768x512.jpeg 768w, https:\/\/bintiparis.com\/wp-content\/uploads\/2024\/06\/Binti_142-1536x1024.jpeg 1536w, https:\/\/bintiparis.com\/wp-content\/uploads\/2024\/06\/Binti_142-2048x1365.jpeg 2048w, https:\/\/bintiparis.com\/wp-content\/uploads\/2024\/06\/Binti_142-1320x880.jpeg 1320w, https:\/\/bintiparis.com\/wp-content\/uploads\/2024\/06\/Binti_142-600x400.jpeg 600w\" sizes=\"(max-width: 1024px) 100vw, 1024px\" \/><\/div>\n\t\t<div class=\"qodef-m-second-image\">\n\t<\/div>\n\t<\/div>\n<\/div>\n\t\t\t\t<\/div>\n\t\t\t\t<\/div>\n\t\t\t\t<div class=\"elementor-element elementor-element-532fced elementor-widget elementor-widget-ettore_core_button\" data-id=\"532fced\" data-element_type=\"widget\" data-e-type=\"widget\" data-widget_type=\"ettore_core_button.default\">\n\t\t\t\t<div class=\"elementor-widget-container\">\n\t\t\t\t\t<a class=\"qodef-shortcode qodef-m  qodef-button qodef-layout--outlined qodef-size--small qodef-html--link\" href=\"https:\/\/bintiparis.com\/index.php\/maroquinerie\/\" target=\"_self\" >\n\t<span class=\"qodef-m-text\">VOIR NOS CREATIONS<\/span>\n<\/a>\n\t\t\t\t<\/div>\n\t\t\t\t<\/div>\n\t\t\t\t\t<\/div>\n\t\t\t\t<\/div>\n\t\t<div class=\"elementor-element elementor-element-4e0b459 e-flex e-con-boxed e-con e-parent\" data-id=\"4e0b459\" data-element_type=\"container\" data-e-type=\"container\">\n\t\t\t\t\t<div class=\"e-con-inner\">\n\t\t<div class=\"elementor-element elementor-element-828fd46 e-con-full e-flex e-con e-child\" data-id=\"828fd46\" data-element_type=\"container\" data-e-type=\"container\">\n\t\t\t\t<div class=\"elementor-element elementor-element-c7eae81 elementor-widget elementor-widget-heading\" data-id=\"c7eae81\" data-element_type=\"widget\" data-e-type=\"widget\" data-widget_type=\"heading.default\">\n\t\t\t\t<div class=\"elementor-widget-container\">\n\t\t\t\t\t<span class=\"elementor-heading-title elementor-size-default\">Rejoignez la Famille BINTI<\/span>\t\t\t\t<\/div>\n\t\t\t\t<\/div>\n\t\t\t\t<\/div>\n\t\t<div class=\"elementor-element elementor-element-0fff269 e-con-full e-flex e-con e-child\" data-id=\"0fff269\" data-element_type=\"container\" data-e-type=\"container\">\n\t\t\t\t<div class=\"elementor-element elementor-element-49cb0b0 elementor-widget elementor-widget-ettore_core_button\" data-id=\"49cb0b0\" data-element_type=\"widget\" data-e-type=\"widget\" data-widget_type=\"ettore_core_button.default\">\n\t\t\t\t<div class=\"elementor-widget-container\">\n\t\t\t\t\t<a class=\"qodef-shortcode qodef-m  qodef-button qodef-layout--filled qodef-size--small qodef-html--link\" href=\"https:\/\/www.instagram.com\/binti.paris\/\" target=\"_self\" >\n\t<span class=\"qodef-m-text\">SUIVRE BINTI<\/span>\n<\/a>\n\t\t\t\t<\/div>\n\t\t\t\t<\/div>\n\t\t\t\t<div class=\"elementor-element elementor-element-90d711a elementor-widget elementor-widget-shortcode\" data-id=\"90d711a\" data-element_type=\"widget\" data-e-type=\"widget\" data-widget_type=\"shortcode.default\">\n\t\t\t\t<div class=\"elementor-widget-container\">\n\t\t\t\t\t\t\t<div class=\"elementor-shortcode\"><\/div>\n\t\t\t\t\t\t<\/div>\n\t\t\t\t<\/div>\n\t\t\t\t<\/div>\n\t\t\t\t\t<\/div>\n\t\t\t\t<\/div>\n\t\t\t\t<\/div>\n\t\t","protected":false},"excerpt":{"rendered":"<p>La Maison BINTI Le savoir-faire Artisanal de BINTI Nos Artisanes &amp; Artisans Chez BINTI, nos artisanes et artisans en Tunisie sont le c\u0153ur et l&rsquo;\u00e2me de notre marque. Chaque pi\u00e8ce de maroquinerie est soigneusement fabriqu\u00e9e par des ma\u00eetres artisans qui perp\u00e9tuent des techniques traditionnelles transmises de g\u00e9n\u00e9ration en g\u00e9n\u00e9ration. Leur expertise in\u00e9gal\u00e9e et leur passion [&hellip;]<\/p>\n","protected":false},"author":1,"featured_media":0,"parent":0,"menu_order":0,"comment_status":"closed","ping_status":"closed","template":"page-full-width.php","meta":{"footnotes":""},"class_list":["post-11082","page","type-page","status-publish","hentry"],"yoast_head":"<!-- This site is optimized with the Yoast SEO plugin v27.4 - https:\/\/yoast.com\/product\/yoast-seo-wordpress\/ -->\n<title>La Maison BINTI - BINTI<\/title>\n<meta name=\"description\" content=\"D\u00e9couvrez BINTI, maison de maroquinerie alliant artisanat ancestral et \u00e9l\u00e9gance parisienne. Nos cr\u00e9ations uniques, durables et \u00e9thiques refl\u00e8tent l&#039;authenticit\u00e9 et le savoir-faire de nos artisans, pour une mode responsable c\u00e9l\u00e9brant tradition et modernit\u00e9.\" \/>\n<meta name=\"robots\" content=\"index, follow, max-snippet:-1, max-image-preview:large, max-video-preview:-1\" \/>\n<link rel=\"canonical\" href=\"https:\/\/bintiparis.com\/index.php\/la-maison-binti\/\" \/>\n<meta property=\"og:locale\" content=\"fr_FR\" \/>\n<meta property=\"og:type\" content=\"article\" \/>\n<meta property=\"og:title\" content=\"La Maison BINTI - BINTI\" \/>\n<meta property=\"og:description\" content=\"D\u00e9couvrez BINTI, maison de maroquinerie alliant artisanat ancestral et \u00e9l\u00e9gance parisienne. Nos cr\u00e9ations uniques, durables et \u00e9thiques refl\u00e8tent l&#039;authenticit\u00e9 et le savoir-faire de nos artisans, pour une mode responsable c\u00e9l\u00e9brant tradition et modernit\u00e9.\" \/>\n<meta property=\"og:url\" content=\"https:\/\/bintiparis.com\/index.php\/la-maison-binti\/\" \/>\n<meta property=\"og:site_name\" content=\"BINTI\" \/>\n<meta property=\"article:publisher\" content=\"https:\/\/www.facebook.com\/people\/Binti-Paris\/61560172855972\/\" \/>\n<meta property=\"article:modified_time\" content=\"2025-07-16T11:42:02+00:00\" \/>\n<meta property=\"og:image\" content=\"https:\/\/bintiparis.com\/wp-content\/uploads\/2024\/07\/artisanale-binti.jpeg\" \/>\n<meta name=\"twitter:card\" content=\"summary_large_image\" \/>\n<meta name=\"twitter:label1\" content=\"Dur\u00e9e de lecture estim\u00e9e\" \/>\n\t<meta name=\"twitter:data1\" content=\"2 minutes\" \/>\n<script type=\"application\/ld+json\" class=\"yoast-schema-graph\">{\"@context\":\"https:\\\/\\\/schema.org\",\"@graph\":[{\"@type\":\"WebPage\",\"@id\":\"https:\\\/\\\/bintiparis.com\\\/index.php\\\/la-maison-binti\\\/\",\"url\":\"https:\\\/\\\/bintiparis.com\\\/index.php\\\/la-maison-binti\\\/\",\"name\":\"La Maison BINTI - BINTI\",\"isPartOf\":{\"@id\":\"https:\\\/\\\/bintiparis.com\\\/#website\"},\"primaryImageOfPage\":{\"@id\":\"https:\\\/\\\/bintiparis.com\\\/index.php\\\/la-maison-binti\\\/#primaryimage\"},\"image\":{\"@id\":\"https:\\\/\\\/bintiparis.com\\\/index.php\\\/la-maison-binti\\\/#primaryimage\"},\"thumbnailUrl\":\"https:\\\/\\\/bintiparis.com\\\/wp-content\\\/uploads\\\/2024\\\/07\\\/artisanale-binti.jpeg\",\"datePublished\":\"2024-05-21T08:38:55+00:00\",\"dateModified\":\"2025-07-16T11:42:02+00:00\",\"description\":\"D\u00e9couvrez BINTI, maison de maroquinerie alliant artisanat ancestral et \u00e9l\u00e9gance parisienne. Nos cr\u00e9ations uniques, durables et \u00e9thiques refl\u00e8tent l'authenticit\u00e9 et le savoir-faire de nos artisans, pour une mode responsable c\u00e9l\u00e9brant tradition et modernit\u00e9.\",\"breadcrumb\":{\"@id\":\"https:\\\/\\\/bintiparis.com\\\/index.php\\\/la-maison-binti\\\/#breadcrumb\"},\"inLanguage\":\"fr-FR\",\"potentialAction\":[{\"@type\":\"ReadAction\",\"target\":[\"https:\\\/\\\/bintiparis.com\\\/index.php\\\/la-maison-binti\\\/\"]}]},{\"@type\":\"ImageObject\",\"inLanguage\":\"fr-FR\",\"@id\":\"https:\\\/\\\/bintiparis.com\\\/index.php\\\/la-maison-binti\\\/#primaryimage\",\"url\":\"https:\\\/\\\/bintiparis.com\\\/wp-content\\\/uploads\\\/2024\\\/07\\\/artisanale-binti.jpeg\",\"contentUrl\":\"https:\\\/\\\/bintiparis.com\\\/wp-content\\\/uploads\\\/2024\\\/07\\\/artisanale-binti.jpeg\",\"width\":960,\"height\":872},{\"@type\":\"BreadcrumbList\",\"@id\":\"https:\\\/\\\/bintiparis.com\\\/index.php\\\/la-maison-binti\\\/#breadcrumb\",\"itemListElement\":[{\"@type\":\"ListItem\",\"position\":1,\"name\":\"Accueil\",\"item\":\"https:\\\/\\\/bintiparis.com\\\/\"},{\"@type\":\"ListItem\",\"position\":2,\"name\":\"La Maison BINTI\"}]},{\"@type\":\"WebSite\",\"@id\":\"https:\\\/\\\/bintiparis.com\\\/#website\",\"url\":\"https:\\\/\\\/bintiparis.com\\\/\",\"name\":\"BINTI\",\"description\":\"Maison de Maroquinerie Haut de Gamme Engag\u00e9e\",\"publisher\":{\"@id\":\"https:\\\/\\\/bintiparis.com\\\/#organization\"},\"potentialAction\":[{\"@type\":\"SearchAction\",\"target\":{\"@type\":\"EntryPoint\",\"urlTemplate\":\"https:\\\/\\\/bintiparis.com\\\/?s={search_term_string}\"},\"query-input\":{\"@type\":\"PropertyValueSpecification\",\"valueRequired\":true,\"valueName\":\"search_term_string\"}}],\"inLanguage\":\"fr-FR\"},{\"@type\":\"Organization\",\"@id\":\"https:\\\/\\\/bintiparis.com\\\/#organization\",\"name\":\"BINTI\",\"url\":\"https:\\\/\\\/bintiparis.com\\\/\",\"logo\":{\"@type\":\"ImageObject\",\"inLanguage\":\"fr-FR\",\"@id\":\"https:\\\/\\\/bintiparis.com\\\/#\\\/schema\\\/logo\\\/image\\\/\",\"url\":\"https:\\\/\\\/bintiparis.com\\\/wp-content\\\/uploads\\\/2024\\\/09\\\/BINTI-Def-vectoriel-fond-transparent.png\",\"contentUrl\":\"https:\\\/\\\/bintiparis.com\\\/wp-content\\\/uploads\\\/2024\\\/09\\\/BINTI-Def-vectoriel-fond-transparent.png\",\"width\":4133,\"height\":6327,\"caption\":\"BINTI\"},\"image\":{\"@id\":\"https:\\\/\\\/bintiparis.com\\\/#\\\/schema\\\/logo\\\/image\\\/\"},\"sameAs\":[\"https:\\\/\\\/www.facebook.com\\\/people\\\/Binti-Paris\\\/61560172855972\\\/\",\"https:\\\/\\\/www.instagram.com\\\/binti.paris\\\/\",\"https:\\\/\\\/www.tiktok.com\\\/@binti.paris\"]}]}<\/script>\n<!-- \/ Yoast SEO plugin. -->","yoast_head_json":{"title":"La Maison BINTI - BINTI","description":"D\u00e9couvrez BINTI, maison de maroquinerie alliant artisanat ancestral et \u00e9l\u00e9gance parisienne. Nos cr\u00e9ations uniques, durables et \u00e9thiques refl\u00e8tent l'authenticit\u00e9 et le savoir-faire de nos artisans, pour une mode responsable c\u00e9l\u00e9brant tradition et modernit\u00e9.","robots":{"index":"index","follow":"follow","max-snippet":"max-snippet:-1","max-image-preview":"max-image-preview:large","max-video-preview":"max-video-preview:-1"},"canonical":"https:\/\/bintiparis.com\/index.php\/la-maison-binti\/","og_locale":"fr_FR","og_type":"article","og_title":"La Maison BINTI - BINTI","og_description":"D\u00e9couvrez BINTI, maison de maroquinerie alliant artisanat ancestral et \u00e9l\u00e9gance parisienne. Nos cr\u00e9ations uniques, durables et \u00e9thiques refl\u00e8tent l'authenticit\u00e9 et le savoir-faire de nos artisans, pour une mode responsable c\u00e9l\u00e9brant tradition et modernit\u00e9.","og_url":"https:\/\/bintiparis.com\/index.php\/la-maison-binti\/","og_site_name":"BINTI","article_publisher":"https:\/\/www.facebook.com\/people\/Binti-Paris\/61560172855972\/","article_modified_time":"2025-07-16T11:42:02+00:00","og_image":[{"url":"https:\/\/bintiparis.com\/wp-content\/uploads\/2024\/07\/artisanale-binti.jpeg","type":"","width":"","height":""}],"twitter_card":"summary_large_image","twitter_misc":{"Dur\u00e9e de lecture estim\u00e9e":"2 minutes"},"schema":{"@context":"https:\/\/schema.org","@graph":[{"@type":"WebPage","@id":"https:\/\/bintiparis.com\/index.php\/la-maison-binti\/","url":"https:\/\/bintiparis.com\/index.php\/la-maison-binti\/","name":"La Maison BINTI - BINTI","isPartOf":{"@id":"https:\/\/bintiparis.com\/#website"},"primaryImageOfPage":{"@id":"https:\/\/bintiparis.com\/index.php\/la-maison-binti\/#primaryimage"},"image":{"@id":"https:\/\/bintiparis.com\/index.php\/la-maison-binti\/#primaryimage"},"thumbnailUrl":"https:\/\/bintiparis.com\/wp-content\/uploads\/2024\/07\/artisanale-binti.jpeg","datePublished":"2024-05-21T08:38:55+00:00","dateModified":"2025-07-16T11:42:02+00:00","description":"D\u00e9couvrez BINTI, maison de maroquinerie alliant artisanat ancestral et \u00e9l\u00e9gance parisienne. Nos cr\u00e9ations uniques, durables et \u00e9thiques refl\u00e8tent l'authenticit\u00e9 et le savoir-faire de nos artisans, pour une mode responsable c\u00e9l\u00e9brant tradition et modernit\u00e9.","breadcrumb":{"@id":"https:\/\/bintiparis.com\/index.php\/la-maison-binti\/#breadcrumb"},"inLanguage":"fr-FR","potentialAction":[{"@type":"ReadAction","target":["https:\/\/bintiparis.com\/index.php\/la-maison-binti\/"]}]},{"@type":"ImageObject","inLanguage":"fr-FR","@id":"https:\/\/bintiparis.com\/index.php\/la-maison-binti\/#primaryimage","url":"https:\/\/bintiparis.com\/wp-content\/uploads\/2024\/07\/artisanale-binti.jpeg","contentUrl":"https:\/\/bintiparis.com\/wp-content\/uploads\/2024\/07\/artisanale-binti.jpeg","width":960,"height":872},{"@type":"BreadcrumbList","@id":"https:\/\/bintiparis.com\/index.php\/la-maison-binti\/#breadcrumb","itemListElement":[{"@type":"ListItem","position":1,"name":"Accueil","item":"https:\/\/bintiparis.com\/"},{"@type":"ListItem","position":2,"name":"La Maison BINTI"}]},{"@type":"WebSite","@id":"https:\/\/bintiparis.com\/#website","url":"https:\/\/bintiparis.com\/","name":"BINTI","description":"Maison de Maroquinerie Haut de Gamme Engag\u00e9e","publisher":{"@id":"https:\/\/bintiparis.com\/#organization"},"potentialAction":[{"@type":"SearchAction","target":{"@type":"EntryPoint","urlTemplate":"https:\/\/bintiparis.com\/?s={search_term_string}"},"query-input":{"@type":"PropertyValueSpecification","valueRequired":true,"valueName":"search_term_string"}}],"inLanguage":"fr-FR"},{"@type":"Organization","@id":"https:\/\/bintiparis.com\/#organization","name":"BINTI","url":"https:\/\/bintiparis.com\/","logo":{"@type":"ImageObject","inLanguage":"fr-FR","@id":"https:\/\/bintiparis.com\/#\/schema\/logo\/image\/","url":"https:\/\/bintiparis.com\/wp-content\/uploads\/2024\/09\/BINTI-Def-vectoriel-fond-transparent.png","contentUrl":"https:\/\/bintiparis.com\/wp-content\/uploads\/2024\/09\/BINTI-Def-vectoriel-fond-transparent.png","width":4133,"height":6327,"caption":"BINTI"},"image":{"@id":"https:\/\/bintiparis.com\/#\/schema\/logo\/image\/"},"sameAs":["https:\/\/www.facebook.com\/people\/Binti-Paris\/61560172855972\/","https:\/\/www.instagram.com\/binti.paris\/","https:\/\/www.tiktok.com\/@binti.paris"]}]}},"jetpack_sharing_enabled":true,"_links":{"self":[{"href":"https:\/\/bintiparis.com\/index.php\/wp-json\/wp\/v2\/pages\/11082","targetHints":{"allow":["GET"]}}],"collection":[{"href":"https:\/\/bintiparis.com\/index.php\/wp-json\/wp\/v2\/pages"}],"about":[{"href":"https:\/\/bintiparis.com\/index.php\/wp-json\/wp\/v2\/types\/page"}],"author":[{"embeddable":true,"href":"https:\/\/bintiparis.com\/index.php\/wp-json\/wp\/v2\/users\/1"}],"replies":[{"embeddable":true,"href":"https:\/\/bintiparis.com\/index.php\/wp-json\/wp\/v2\/comments?post=11082"}],"version-history":[{"count":187,"href":"https:\/\/bintiparis.com\/index.php\/wp-json\/wp\/v2\/pages\/11082\/revisions"}],"predecessor-version":[{"id":12506,"href":"https:\/\/bintiparis.com\/index.php\/wp-json\/wp\/v2\/pages\/11082\/revisions\/12506"}],"wp:attachment":[{"href":"https:\/\/bintiparis.com\/index.php\/wp-json\/wp\/v2\/media?parent=11082"}],"curies":[{"name":"wp","href":"https:\/\/api.w.org\/{rel}","templated":true}]}}